{"id":11,"date":"2013-07-22T10:18:05","date_gmt":"2013-07-22T10:18:05","guid":{"rendered":"http:\/\/localhost\/wordpress\/?page_id=11"},"modified":"2019-02-07T11:29:59","modified_gmt":"2019-02-07T13:29:59","slug":"uber-uns","status":"publish","type":"page","link":"https:\/\/shm.co.at\/?page_id=11","title":{"rendered":"\u00dcber uns"},"content":{"rendered":"<p><b>shm<\/b> wurde 2004 als 100% Tochter der Siemens AG \u00d6sterreich gegr\u00fcndet und 2008 in die neue Unternehmensstruktur der <b>shm<\/b> sana health management GmbH \u00fcbergef\u00fchrt. Im Jahr 2019 wurde shm in <strong>shm<\/strong> social and health management umbenannt um den Sozialen Schwerpunkt herauszustreichen. <b>shm<\/b> ist national und international t\u00e4tig und bietet als Generalist im Gesundheits- und Sozialwesen Beratungs- und Projektentwicklungsleistungen an.<\/p>\n<p>Unsere Mitarbeiter kennen die Prozesse und Abl\u00e4ufe im Gesundheits- und Sozialbereich durch ihre jahrelangen praktischen Erfahrungen sowohl aus der intramuralen und extramuralen Sicht, als auch aus der Sicht von Industrie und Lieferanten. Wir stellen unseren Kunden je nach Anforderung ein ma\u00dfgeschneidertes Team bereit:<\/p>\n<ul>\n<li><span class=\"competence_listing\">Medizinisch-klinische Kompetenz<\/span><\/li>\n<li><span class=\"competence_listing\">Pflegekompetenz<\/span><\/li>\n<li><span class=\"competence_listing\">Bewegungskompetenz<\/span><\/li>\n<li><span class=\"competence_listing\">IKT-Kompetenz<\/span><\/li>\n<li><span class=\"competence_listing\">Betriebswirtschaftliche Kompetenz<\/span><\/li>\n<li><span class=\"competence_listing\">Projekt- und Prozessmanagement Kompetenz<\/span><\/li>\n<\/ul>\n<p>Unser Ziel ist es, den bestm\u00f6glichen Nutzen f\u00fcr unsere Kunden zu schaffen und einen Anteil an der positiven Weiterentwicklung des \u00f6sterreichischen sowie internationalen Gesundheits- und Sozialwesens zu leisten.<\/p>","protected":false},"excerpt":{"rendered":"<p>shm wurde 2004 als 100% Tochter der Siemens AG \u00d6sterreich gegr\u00fcndet und 2008 in die neue Unternehmensstruktur der shm sana health management GmbH \u00fcbergef\u00fchrt. Im Jahr 2019 wurde shm in shm social and health management umbenannt um den Sozialen Schwerpunkt herauszustreichen. shm ist national und international t\u00e4tig und bietet als Generalist im Gesundheits- und Sozialwesen [&hellip;]<\/p>\n","protected":false},"author":2,"featured_media":0,"parent":0,"menu_order":0,"comment_status":"closed","ping_status":"open","template":"","meta":{"footnotes":""},"class_list":["post-11","page","type-page","status-publish","hentry"],"_links":{"self":[{"href":"https:\/\/shm.co.at\/index.php?rest_route=\/wp\/v2\/pages\/11","targetHints":{"allow":["GET"]}}],"collection":[{"href":"https:\/\/shm.co.at\/index.php?rest_route=\/wp\/v2\/pages"}],"about":[{"href":"https:\/\/shm.co.at\/index.php?rest_route=\/wp\/v2\/types\/page"}],"author":[{"embeddable":true,"href":"https:\/\/shm.co.at\/index.php?rest_route=\/wp\/v2\/users\/2"}],"replies":[{"embeddable":true,"href":"https:\/\/shm.co.at\/index.php?rest_route=%2Fwp%2Fv2%2Fcomments&post=11"}],"version-history":[{"count":34,"href":"https:\/\/shm.co.at\/index.php?rest_route=\/wp\/v2\/pages\/11\/revisions"}],"predecessor-version":[{"id":1521,"href":"https:\/\/shm.co.at\/index.php?rest_route=\/wp\/v2\/pages\/11\/revisions\/1521"}],"wp:attachment":[{"href":"https:\/\/shm.co.at\/index.php?rest_route=%2Fwp%2Fv2%2Fmedia&parent=11"}],"curies":[{"name":"wp","href":"https:\/\/api.w.org\/{rel}","templated":true}]}}