{"id":117,"date":"2013-07-26T06:55:20","date_gmt":"2013-07-26T06:55:20","guid":{"rendered":"http:\/\/localhost\/wordpress\/?page_id=117"},"modified":"2015-04-15T06:52:19","modified_gmt":"2015-04-15T08:52:19","slug":"aus-und-weiterbildung","status":"publish","type":"page","link":"https:\/\/shm.co.at\/?page_id=117","title":{"rendered":"Moderation und Coaching"},"content":{"rendered":"<p>Neben exzellenter fachlicher Expertise der Mitarbeiter z\u00e4hlen heute ganzheitliches, vernetztes Denken, analytisch konzeptionelle F\u00e4higkeiten und hohe Sozialkompetenz zu den Schl\u00fcsselfaktoren der Zukunft. Im Rahmen von Seminaren und Trainings vermitteln wir unser Know-How sowie unsere langj\u00e4hrigen Erfahrungen an Sie weiter. Unser Trainerteam umfasst Mitarbeiter, die selbst aus den verschiedenen Bereichen des Gesundheits- und Sozialwesens kommen (aus Medizin, Pflege und Verwaltung). So k\u00f6nnen wir Ihnen einen hohen Praxisbezug in den Aus- und Weiterbildungsprogrammen garantieren.<\/p>\n<p><center>\u00a0<\/center><b>Beratungsleistung:<\/b><\/p>\n<ul>\n<li>F\u00fchrungskr\u00e4ftetraining<\/li>\n<li>Coaching<\/li>\n<li>Medientraining<\/li>\n<li>Fachspezifische Schulungen<\/li>\n<li>Moderation<\/li>\n<li>Begleitung, Konzeption und Durchf\u00fchrung von Workshops<\/li>\n<\/ul>\n<p><\/p>","protected":false},"excerpt":{"rendered":"<p>Neben exzellenter fachlicher Expertise der Mitarbeiter z\u00e4hlen heute ganzheitliches, vernetztes Denken, analytisch konzeptionelle F\u00e4higkeiten und hohe Sozialkompetenz zu den Schl\u00fcsselfaktoren der Zukunft. Im Rahmen von Seminaren und Trainings vermitteln wir unser Know-How sowie unsere langj\u00e4hrigen Erfahrungen an Sie weiter. Unser Trainerteam umfasst Mitarbeiter, die selbst aus den verschiedenen Bereichen des Gesundheits- und Sozialwesens kommen (aus [&hellip;]<\/p>\n","protected":false},"author":2,"featured_media":0,"parent":59,"menu_order":7,"comment_status":"closed","ping_status":"closed","template":"","meta":{"footnotes":""},"class_list":["post-117","page","type-page","status-publish","hentry"],"_links":{"self":[{"href":"https:\/\/shm.co.at\/index.php?rest_route=\/wp\/v2\/pages\/117","targetHints":{"allow":["GET"]}}],"collection":[{"href":"https:\/\/shm.co.at\/index.php?rest_route=\/wp\/v2\/pages"}],"about":[{"href":"https:\/\/shm.co.at\/index.php?rest_route=\/wp\/v2\/types\/page"}],"author":[{"embeddable":true,"href":"https:\/\/shm.co.at\/index.php?rest_route=\/wp\/v2\/users\/2"}],"replies":[{"embeddable":true,"href":"https:\/\/shm.co.at\/index.php?rest_route=%2Fwp%2Fv2%2Fcomments&post=117"}],"version-history":[{"count":17,"href":"https:\/\/shm.co.at\/index.php?rest_route=\/wp\/v2\/pages\/117\/revisions"}],"predecessor-version":[{"id":1350,"href":"https:\/\/shm.co.at\/index.php?rest_route=\/wp\/v2\/pages\/117\/revisions\/1350"}],"up":[{"embeddable":true,"href":"https:\/\/shm.co.at\/index.php?rest_route=\/wp\/v2\/pages\/59"}],"wp:attachment":[{"href":"https:\/\/shm.co.at\/index.php?rest_route=%2Fwp%2Fv2%2Fmedia&parent=117"}],"curies":[{"name":"wp","href":"https:\/\/api.w.org\/{rel}","templated":true}]}}