{"id":185,"date":"2013-07-29T09:11:03","date_gmt":"2013-07-29T09:11:03","guid":{"rendered":"http:\/\/localhost\/wordpress\/?page_id=185"},"modified":"2015-03-20T07:22:22","modified_gmt":"2015-03-20T09:22:22","slug":"a1-telekom-austria-ag","status":"publish","type":"page","link":"https:\/\/shm.co.at\/?page_id=185","title":{"rendered":"A1 Telekom Austria AG"},"content":{"rendered":"<p><a href=\"https:\/\/shm.co.at\/wp-content\/uploads\/2013\/07\/A1_02CRO_4U_M_klein.jpg\"><img loading=\"lazy\" decoding=\"async\" src=\"https:\/\/shm.co.at\/wp-content\/uploads\/2013\/07\/A1_02CRO_4U_M_klein.jpg\" alt=\"A1_02CRO_4U_M_klein\" width=\"150\" height=\"84\" class=\"alignnone size-full wp-image-1194\" \/><\/a><\/p>\n<table>\n<tr>\n<td class=\"prtitle\">Strategieentwicklung Healthcare<\/td>\n<\/tr>\n<tr>\n<td>Strategieentwicklung f\u00fcr den Business und Privatkunden-Bereich zur Etablierung eines Branchenfokus Gesundheit bei A1. Von der Marktsegmentierung und Mitbewerbsanalyse bis zur Entwicklung von Chancen und Potenzialen \u00fcber die Businessplanung bis zur Entscheidungsfindung f\u00fcr ein Zielportfolio.<br \/>\nN\u00e4here Informationen <a href='https:\/\/shm.co.at\/wp-content\/uploads\/2013\/09\/Presse-Information.pdf' target='_blank'>hier<\/a>.<br \/>\nLesen Sie auch unsere <a href=\"https:\/\/shm.co.at\/?page_id=276\" title=\"Strategieentwicklung A1\">Success Story<\/a>.\n<\/td>\n<\/tr>\n<tr>\n<td class=\"prtitle\">Umsetzungsbegleitung im Competence Center Health Care<\/td>\n<\/tr>\n<tr>\n<td>Umsetzung der erarbeiteten Health Care Strategie und Etablierung einer eigenen <a href=\"http:\/\/www.a1.net\/business\/loesungen\/ehealth-ecare\">Abteilung bei A1<\/a> mit Fokus Gesundheit.shm zeigt sich \u00fcber einen Zeitraum von 4 Jahren f\u00fcr das Programm-Management, fachliche Expertisen, Partnermanagement, Produktentwicklung und Produktmanagement verantwortlich.<br \/>\nN\u00e4here Informationen <a href='http:\/\/www.a1.net\/business\/loesungen\/ehealth-ecare' target='_blank'>hier<\/a>.<br \/>\nLesen Sie auch unsere <a href=\"https:\/\/shm.co.at\/?page_id=924\" title=\"Umsetzung Health Care Strategie A1\">Success Story<\/a>.\n <\/td>\n<\/tr>\n<tr>\n<td class=\"prtitle\">Renewing Health \u2013 EU Projekt <\/td>\n<\/tr>\n<tr>\n<td>Projektleitung, Konzeption, Beratung zu Datensicherheit und Security, Rolloutmanagement sowie 1st und 2nd Level Support im Rahmen eines EU gef\u00f6rderten Projektes zur integrierten, telemedizinischen Versorgung von chronisch Kranken (Diabetiker, COPD-Patienten). Die Umsetzung erfolgte in den H\u00e4usern der Krankenanstalten Betriebsgesellschaft K\u00e4rnten (KABEG).<br \/>\nN\u00e4here Informationen <a href=\"http:\/\/www.renewinghealth.eu\" target='_blank'>hier<\/a>.<\/td>\n<\/tr>\n<tr>\n<td class=\"prtitle\">PGS Pflege- und Gesundheitsservice: Gesamtkonzeption, Produktmanagement<\/td>\n<\/tr>\n<tr>\n<td>Projektentwicklung und Gesamtkonzeption einer kompetenten Anlaufstelle im Pflege- und Gesundheitsbereich. PGS fungiert als zentrale Drehscheibe zwischen Pflegebed\u00fcrftigen und deren Angeh\u00f6rigen, den Gesundheitsdienstleistern, Spit\u00e4lern und dem niedergelassenen Bereich sowie den Betreibern. Detailplanung und Produktentwicklung unter Ber\u00fccksichtigung der Markt- und Wettbewerbsanalysen, Koordination aller A1 internen Fachabteilungen, Erstellung von Markteinf\u00fchrungskonzepten und Pr\u00e4sentationsunterlagen, Schnittstelle zu Partnern und Lieferanten, Produktschulungen, Vertriebsplanung und Vertriebsunterst\u00fctzung, Kundenbetreuung sowie Umsetzung von Kundenprojekten sowie laufende Erfolgskontrolle.<\/td>\n<\/tr>\n<tr>\n<td class=\"prtitle\">PGS Pflege- und Gesundheitsservice: Rollout Management, laufende Betreuung<\/td>\n<\/tr>\n<tr>\n<td>Einf\u00fchrung und Rolloutmanagement im Zuge der Gesamtausrollung von PGS in allen Bezirken K\u00e4rntens, System- und Contentmanagement sowie Contentsupport, Produktschulungen und Kundentrainings, Koordination aller A1 internen Fachbereiche sowie Partnermanagement und laufende Supportt\u00e4tigkeiten im Rahmen des laufenden Betriebes.<br \/>\nN\u00e4here Informationen <a href=\"http:\/\/www.pgs-ktn.at\" title=\"PGS Kaernten\" target=\"_blank\">hier<\/a>.<\/td>\n<\/tr>\n<tr>\n<td class=\"prtitle\">Wartezimmer TV<\/td>\n<\/tr>\n<tr>\n<td>Konzeption eines digitalen Wartezimmer TV als Informations- und Unterhaltungsplattform f\u00fcr Wartezonen im Gesundheitsbereich. Produktmanagement, Vertriebsunterst\u00fctzung, Koordination aller A1 internen Fachabteilungen, Schnittstelle zu Partnern und Lieferanten, Sales Support.<\/td>\n<\/tr>\n<tr>\n<td class=\"prtitle\">E-Care Terminal<\/td>\n<\/tr>\n<tr>\n<td>Produktmanagement f\u00fcr eine all-in-one Kommunikations- und Unterhaltungsl\u00f6sung direkt am Krankenbett. Sales Support und Produktschulungen, Koordination mit A1 internen Fachabteilungen, Kundenbetreuung sowie Umsetzung von Kundenprojekten. <\/td>\n<\/tr>\n<tr>\n<td class=\"prtitle\">A1 Vital und A1 Care<\/td>\n<\/tr>\n<tr>\n<td>Produktentwicklung und Konzeption einer umfassenden L\u00f6sung f\u00fcr Gesundheitsbewusste und Chronisch Kranke (Fokus auf Diabetes mellitus und Hypteronie). Definition umfassender Use Cases, Entwicklung von User-Applikationen, Erstellung von Gesundheitscontent, Entwicklung  \u201eCoach-Konzept\u201c, Partner- und Lieferantenmanagement, Contracting, Endger\u00e4temanagement (Blutzucker, Blutdruck, Waage, Zubeh\u00f6r), Koordination aller A1 internen Fachbereiche, Vertriebskonzeption, Vertriebsschulung, Entwicklung und Umsetzung von Marketingkonzepten f\u00fcr den Produktlaunch. <\/td>\n<\/tr>\n<tr>\n<td class=\"prtitle\">A1 Soforthilfe<\/td>\n<\/tr>\n<tr>\n<td>Produktentwicklung einer servicierten Notrufl\u00f6sung. Erstellung der Fachkonzepte, Prozessdefinition, Partner- und Lieferantenmanagement, Entwicklung einer Rufmanagement-Plattform, Endger\u00e4temanagement, Koordination aller A1 internen Fachbereiche, Vertriebskonzeption und Vertriebsschulung, Entwicklung und Umsetzung von Konzepten f\u00fcr den Produktlaunch.<\/td>\n<\/tr>\n<tr>\n<td class=\"prtitle\">A1 Radiologie Langzeit Archiv<\/td>\n<\/tr>\n<tr>\n<td>Produktentwicklung, Sales Support, Koordination aller A1 internen Fachbereiche sowie Umsetzung von laufenden Kundenprojekten f\u00fcr eine Langzeit-Speicherl\u00f6sung f\u00fcr Radiologen.<\/td>\n<\/tr>\n<tr>\n<td class=\"prtitle\">DaMe Service und DaMe Online Backup<\/td>\n<\/tr>\n<tr>\n<td>Produktmanagement und Umsetzung von Kundenprojekten im Bereich der intelligenten Vernetzung von Gesundheitsdienstleistern \u00fcber DaMe \u2013 das Datennetz der Medizin. DaMe erm\u00f6glicht die sichere Kommunikation und professionelle Speicherung sensibler Patienten- und Kundendaten.<\/td>\n<\/tr>\n<\/table>\n<p><\/p>","protected":false},"excerpt":{"rendered":"<p>Strategieentwicklung Healthcare Strategieentwicklung f\u00fcr den Business und Privatkunden-Bereich zur Etablierung eines Branchenfokus Gesundheit bei A1. Von der Marktsegmentierung und Mitbewerbsanalyse bis zur Entwicklung von Chancen und Potenzialen \u00fcber die Businessplanung bis zur Entscheidungsfindung f\u00fcr ein Zielportfolio. N\u00e4here Informationen hier. Lesen Sie auch unsere Success Story. Umsetzungsbegleitung im Competence Center Health Care Umsetzung der erarbeiteten Health [&hellip;]<\/p>\n","protected":false},"author":2,"featured_media":0,"parent":60,"menu_order":1,"comment_status":"closed","ping_status":"closed","template":"","meta":{"footnotes":""},"class_list":["post-185","page","type-page","status-publish","hentry"],"_links":{"self":[{"href":"https:\/\/shm.co.at\/index.php?rest_route=\/wp\/v2\/pages\/185","targetHints":{"allow":["GET"]}}],"collection":[{"href":"https:\/\/shm.co.at\/index.php?rest_route=\/wp\/v2\/pages"}],"about":[{"href":"https:\/\/shm.co.at\/index.php?rest_route=\/wp\/v2\/types\/page"}],"author":[{"embeddable":true,"href":"https:\/\/shm.co.at\/index.php?rest_route=\/wp\/v2\/users\/2"}],"replies":[{"embeddable":true,"href":"https:\/\/shm.co.at\/index.php?rest_route=%2Fwp%2Fv2%2Fcomments&post=185"}],"version-history":[{"count":12,"href":"https:\/\/shm.co.at\/index.php?rest_route=\/wp\/v2\/pages\/185\/revisions"}],"predecessor-version":[{"id":1195,"href":"https:\/\/shm.co.at\/index.php?rest_route=\/wp\/v2\/pages\/185\/revisions\/1195"}],"up":[{"embeddable":true,"href":"https:\/\/shm.co.at\/index.php?rest_route=\/wp\/v2\/pages\/60"}],"wp:attachment":[{"href":"https:\/\/shm.co.at\/index.php?rest_route=%2Fwp%2Fv2%2Fmedia&parent=185"}],"curies":[{"name":"wp","href":"https:\/\/api.w.org\/{rel}","templated":true}]}}