{"id":202,"date":"2013-07-29T10:40:12","date_gmt":"2013-07-29T10:40:12","guid":{"rendered":"http:\/\/localhost\/wordpress\/?page_id=202"},"modified":"2015-03-20T07:22:22","modified_gmt":"2015-03-20T09:22:22","slug":"brz-bundesrechenzentrum-gmbh-bundesministerium-fur-justiz","status":"publish","type":"page","link":"https:\/\/shm.co.at\/?page_id=202","title":{"rendered":"BRZ\u2013Bundesrechenzentrum GmbH, Bundesministerium Justiz"},"content":{"rendered":"<p><a href=\"https:\/\/shm.co.at\/wp-content\/uploads\/2013\/07\/logo_brz.png\"><img loading=\"lazy\" decoding=\"async\" src=\"https:\/\/shm.co.at\/wp-content\/uploads\/2013\/07\/logo_brz.png\" alt=\"logo_brz\" width=\"140\" height=\"64\" class=\"alignnone size-full wp-image-204\" \/><\/a><\/p>\n<table class=\"referencetbl\">\n<tr>\n<td class=\"prtitle\">\u00c4rztepaket im Strafvollzug<\/td>\n<\/tr>\n<tr>\n<td>Pflichtenhefterstellung, Einf\u00fchrung und Umsetzungsbegleitung f\u00fcr ein klinisches Dokumentationssystems in den \u00f6sterreichischen Justizanstalten.<\/td>\n<\/tr>\n<tr>\n<td class=\"prtitle\">Einf\u00fchrung klinischer Dokumentation in den Justizanstalten<\/td>\n<\/tr>\n<tr>\n<td>Erstellung von Organisationskonzepten f\u00fcr die Einf\u00fchrung eines klinischen Dokumentationssystems in den \u00f6sterreichischen Justizanstalten (klinische Dokumentation, Medikamentenversorgung und Suchtmittel) sowie anschlie\u00dfende Umsetzungsbegleitung.<\/td>\n<\/tr>\n<\/table>\n<p><\/p>","protected":false},"excerpt":{"rendered":"<p>\u00c4rztepaket im Strafvollzug Pflichtenhefterstellung, Einf\u00fchrung und Umsetzungsbegleitung f\u00fcr ein klinisches Dokumentationssystems in den \u00f6sterreichischen Justizanstalten. Einf\u00fchrung klinischer Dokumentation in den Justizanstalten Erstellung von Organisationskonzepten f\u00fcr die Einf\u00fchrung eines klinischen Dokumentationssystems in den \u00f6sterreichischen Justizanstalten (klinische Dokumentation, Medikamentenversorgung und Suchtmittel) sowie anschlie\u00dfende Umsetzungsbegleitung.<\/p>\n","protected":false},"author":2,"featured_media":0,"parent":60,"menu_order":4,"comment_status":"closed","ping_status":"closed","template":"","meta":{"footnotes":""},"class_list":["post-202","page","type-page","status-publish","hentry"],"_links":{"self":[{"href":"https:\/\/shm.co.at\/index.php?rest_route=\/wp\/v2\/pages\/202","targetHints":{"allow":["GET"]}}],"collection":[{"href":"https:\/\/shm.co.at\/index.php?rest_route=\/wp\/v2\/pages"}],"about":[{"href":"https:\/\/shm.co.at\/index.php?rest_route=\/wp\/v2\/types\/page"}],"author":[{"embeddable":true,"href":"https:\/\/shm.co.at\/index.php?rest_route=\/wp\/v2\/users\/2"}],"replies":[{"embeddable":true,"href":"https:\/\/shm.co.at\/index.php?rest_route=%2Fwp%2Fv2%2Fcomments&post=202"}],"version-history":[{"count":15,"href":"https:\/\/shm.co.at\/index.php?rest_route=\/wp\/v2\/pages\/202\/revisions"}],"predecessor-version":[{"id":1135,"href":"https:\/\/shm.co.at\/index.php?rest_route=\/wp\/v2\/pages\/202\/revisions\/1135"}],"up":[{"embeddable":true,"href":"https:\/\/shm.co.at\/index.php?rest_route=\/wp\/v2\/pages\/60"}],"wp:attachment":[{"href":"https:\/\/shm.co.at\/index.php?rest_route=%2Fwp%2Fv2%2Fmedia&parent=202"}],"curies":[{"name":"wp","href":"https:\/\/api.w.org\/{rel}","templated":true}]}}