{"id":276,"date":"2013-07-31T09:05:51","date_gmt":"2013-07-31T09:05:51","guid":{"rendered":"http:\/\/localhost\/wordpress\/?page_id=276"},"modified":"2013-08-29T15:03:44","modified_gmt":"2013-08-29T15:03:44","slug":"strategieentwicklung-a1-cchc","status":"publish","type":"page","link":"https:\/\/shm.co.at\/?page_id=276","title":{"rendered":"Strategieentwicklung A1"},"content":{"rendered":"<p>A1 Telekom Austria AG hat sich 2009 zum Ziel gesetzt, eine klare Positionierung im Wachstumsmarkt Gesundheit zu erreichen. Dazu war es erforderlich, eine ganzheitliche Sicht auf den Markt zu entwickeln, um den Marktzugang mit einem zielgruppenorientierten Produktportfolio zu erm\u00f6glichen und A1 als zuverl\u00e4ssigen Anbieter und Partner im Gesundheitsbereich zu etablieren.<\/p>\n<p>A1 beauftragte <b>shm<\/b> mit der Erarbeitung einer Strategie zum Aufbau eines Kompetenzzentrums Gesundheit.<\/p>\n<p>Anhand eines etablierten Vorgehensmodells zur Strategieentwicklung wurden umfassende Analysen des Marktes, der relevanten Umwelten und der Mitbewerber erstellt. Die darauf basierende Marktsegmentierung sowie die Erarbeitung von Chancen und Potenzialen am Markt m\u00fcndeten in ein Zielportfolio mit Fokus auf die Bereiche \u201eBusinesskunden\u201c und \u201ePrivatkunden\u201c. Detaillierte Business Pl\u00e4ne f\u00fcr die Produktentwicklungen sowie ein umfassendes Integrationskonzept zur Etablierung einer eigenen Health Care Abteilung bei A1 rundeten den Strategieentwicklungsprozess ab.<\/p>\n<p>Die Ergebnisse der Strategieentwicklung f\u00fchrten eine weitreichende Entscheidung des Gesamtvorstandes der A1 Telekom Austria AG herbei: das klare Bekenntnis zum Branchenfokus Gesundheit und das GO f\u00fcr die Einrichtung eines Competence Center Health Care (CCHC) bei A1.<\/p>\n<p><b>Schwerpunktleistungen shm<\/b><\/p>\n<ul>\n<li>Programmmanagement<\/li>\n<li>Projekt- und Prozessmanagement<\/li>\n<li>Fachkonzeption f\u00fcr die Segmente \u201eBusinesskunden\u201c und \u201ePrivatkunden\u201c<\/li>\n<li>Health Care und IT Consulting<\/li>\n<li>Feasibility Pr\u00fcfung und Business Planung<\/li>\n<li>Integrationskonzeption<\/li>\n<li>Definition eines Competence Center Healthcare<\/li>\n<\/ul>\n<p><b>Unser Kunde<\/b><\/p>\n<p>A1 ist der Marktf\u00fchrer im Telekommunikationsbereich in \u00d6sterreich und bietet Festnetz, Mobiltelefonie, Internet und Fernsehen aus einer Hand. Das R\u00fcckgrat des Unternehmenserfolges bildet das tragf\u00e4higste und modernste Netz in \u00d6sterreich. A1 besch\u00e4ftigt \u00fcber 9.000 Mitarbeiter und sieht sich selbst in einer starken Verantwortung gegen\u00fcber Mitarbeitern, Kunden und Eigent\u00fcmern. Durch die Unternehmenswerte wird diese Verantwortung noch unterstrichen: Nah am Kunden. Einfach. Richtungsweisend.<br \/>\n<\/p>","protected":false},"excerpt":{"rendered":"<p>A1 Telekom Austria AG hat sich 2009 zum Ziel gesetzt, eine klare Positionierung im Wachstumsmarkt Gesundheit zu erreichen. Dazu war es erforderlich, eine ganzheitliche Sicht auf den Markt zu entwickeln, um den Marktzugang mit einem zielgruppenorientierten Produktportfolio zu erm\u00f6glichen und A1 als zuverl\u00e4ssigen Anbieter und Partner im Gesundheitsbereich zu etablieren. A1 beauftragte shm mit der [&hellip;]<\/p>\n","protected":false},"author":2,"featured_media":0,"parent":108,"menu_order":1,"comment_status":"closed","ping_status":"closed","template":"","meta":{"footnotes":""},"class_list":["post-276","page","type-page","status-publish","hentry"],"_links":{"self":[{"href":"https:\/\/shm.co.at\/index.php?rest_route=\/wp\/v2\/pages\/276","targetHints":{"allow":["GET"]}}],"collection":[{"href":"https:\/\/shm.co.at\/index.php?rest_route=\/wp\/v2\/pages"}],"about":[{"href":"https:\/\/shm.co.at\/index.php?rest_route=\/wp\/v2\/types\/page"}],"author":[{"embeddable":true,"href":"https:\/\/shm.co.at\/index.php?rest_route=\/wp\/v2\/users\/2"}],"replies":[{"embeddable":true,"href":"https:\/\/shm.co.at\/index.php?rest_route=%2Fwp%2Fv2%2Fcomments&post=276"}],"version-history":[{"count":31,"href":"https:\/\/shm.co.at\/index.php?rest_route=\/wp\/v2\/pages\/276\/revisions"}],"predecessor-version":[{"id":923,"href":"https:\/\/shm.co.at\/index.php?rest_route=\/wp\/v2\/pages\/276\/revisions\/923"}],"up":[{"embeddable":true,"href":"https:\/\/shm.co.at\/index.php?rest_route=\/wp\/v2\/pages\/108"}],"wp:attachment":[{"href":"https:\/\/shm.co.at\/index.php?rest_route=%2Fwp%2Fv2%2Fmedia&parent=276"}],"curies":[{"name":"wp","href":"https:\/\/api.w.org\/{rel}","templated":true}]}}