{"id":429,"date":"2013-08-13T13:00:37","date_gmt":"2013-08-13T13:00:37","guid":{"rendered":"http:\/\/localhost\/wordpress\/?page_id=429"},"modified":"2013-09-04T07:18:24","modified_gmt":"2013-09-04T07:18:24","slug":"referenzen-nach-projekten-auszug","status":"publish","type":"page","link":"https:\/\/shm.co.at\/?page_id=429","title":{"rendered":"Referenzen nach Projekten"},"content":{"rendered":"<p>\n<table id=\"tablepress-6\" class=\"tablepress tablepress-id-6\">\n<tbody class=\"row-striping\">\n<tr class=\"row-1\">\n\t<td class=\"column-1\">Requirements Management ELGA Bereich f\u00fcr SV<\/td>\n<\/tr>\n<tr class=\"row-2\">\n\t<td class=\"column-1\">Requirements Management im Projekt ADAS \u2013 Aufbau eines ELGA Bereiches im Umfeld der Sozialversicherung und deren Gesundheitseinrichtungen.<br \/>\nRequirements Management im Projekt ARGO \u2013 Anbindung der Unfallkrankenh\u00e4user und Rehabilitationszentren der AUVA an den ELGA Bereich der Sozialversicherung.<br \/>\n<b>Auftraggeber:<\/b> AUVA \u2013 Allgemeine Unfallversicherungsanstalt<br \/>\n<\/td>\n<\/tr>\n<tr class=\"row-3\">\n\t<td class=\"column-1\">CISO \u2013 Einf\u00fchrung <\/td>\n<\/tr>\n<tr class=\"row-4\">\n\t<td class=\"column-1\">Konzeption und Aufbau eines Information Security Management Systems (ISMS) und Einleitung organisatorischer Ma\u00dfnahmen zur Etablierung eines CISO (Chief Information Security Officer) bei KABEG.<br \/>\n<b>Auftraggeber:<\/b> KABEG \u2013 Landeskrankenanstalten Betriebsgesellschaft<br \/>\n<\/td>\n<\/tr>\n<tr class=\"row-5\">\n\t<td class=\"column-1\">\u00c4rztepaket im Strafvollzug<\/td>\n<\/tr>\n<tr class=\"row-6\">\n\t<td class=\"column-1\">Pflichtenhefterstellung, Einf\u00fchrung und Umsetzungsbegleitung f\u00fcr ein klinisches Dokumentationssystems in den \u00f6sterreichischen Justizanstalten.<br \/>\n<b>Auftraggeber:<\/b> BRZ \u2013 Bundesrechenzentrum GmbH, Bundesministerium f\u00fcr Justiz<br \/>\n<\/td>\n<\/tr>\n<tr class=\"row-7\">\n\t<td class=\"column-1\">Pilotprojekt NaMoA City St. Veit<\/td>\n<\/tr>\n<tr class=\"row-8\">\n\t<td class=\"column-1\">Projektcontrolling, Berichtswesen, Projektevaluierung sowie F\u00f6rdermanagement im Rahmen des Pilotprojektes, das in enger Zusammenarbeit mit und Unterst\u00fctzung durch das Bundesministerium f\u00fcr Sport, die Stadtgemeinde St. Veit und das AMS\/Land K\u00e4rnten realisiert wird. Mit NaMoA wird ein integriertes Modell mit Schwerpunkt Bildung, Bewegung\/Sport und Gesundheit entwickelt, in dem Kinder vom Kindergarten bis zum Schulabschluss professionell durch Sportp\u00e4dagogen, Sportwissenschafter und Sportmediziner gef\u00f6rdert und begleitet werden. Eine wichtige Rolle spielen dabei Pr\u00e4ventionsthemen sowie altersgerechte medizinische Betreuung der Kinder und Jugendlichen. Die nachhaltige Durchf\u00fchrung dieses Bundesprojektes verfolgt das prim\u00e4re Ziel, das Modell NaMoA in den Regelbetrieb des Bildungssystems aufzunehmen.<br \/>\nN\u00e4here Informationen <a href=\"http:\/\/www.namoa.co.at\" target=\"_blank\">hier.<\/a><br \/>\n<b>Auftraggeber:<\/b> NaMoA - NachwuchsModellAustria, gemeinn\u00fctziger Verein<\/td>\n<\/tr>\n<tr class=\"row-9\">\n\t<td class=\"column-1\">Einf\u00fchrung klinischer Dokumentation in den Justizanstalten<\/td>\n<\/tr>\n<tr class=\"row-10\">\n\t<td class=\"column-1\">Erstellung von Organisationskonzepten f\u00fcr die Einf\u00fchrung eines klinischen Dokumentationssystems in den \u00f6sterreichischen Justizanstalten (klinische Dokumentation, Medikamentenversorgung und Suchtmittel) sowie anschlie\u00dfende Umsetzungsbegleitung.<br \/>\n<b>Auftraggeber:<\/b> BRZ \u2013 Bundesrechenzentrum GmbH, Bundesministerium f\u00fcr Justiz<br \/>\n<\/td>\n<\/tr>\n<tr class=\"row-11\">\n\t<td class=\"column-1\">Requirements Engineering KIS-Neu <\/td>\n<\/tr>\n<tr class=\"row-12\">\n\t<td class=\"column-1\">Requirements Engineering f\u00fcr Krankenhausinformationssysteme im Projekt KIS-Neu der Allgemeinen Unfallversicherungsanstalt (AUVA).<br \/>\n<b>Auftraggeber:<\/b> Raiffeisen<br \/>\n<\/td>\n<\/tr>\n<tr class=\"row-13\">\n\t<td class=\"column-1\">Strategieentwicklung Health Care f\u00fcr A1<\/td>\n<\/tr>\n<tr class=\"row-14\">\n\t<td class=\"column-1\">Strategieentwicklung f\u00fcr den Business und Privatkunden-Bereich zur Etablierung eines Branchenfokus Gesundheit bei A1. Von der Marktsegmentierung, Mitbewerberanalyse, Entwicklung von Chancen und Potenzialen \u00fcber die Businessplanung bis hin zur Entscheidungsvorbereitung f\u00fcr ein Zielportfolio.<br \/>\nN\u00e4here Informationen <a href='http:\/\/192.168.1.130\/wordpress\/wp-content\/uploads\/2013\/09\/Presse-Information.pdf' target='_blank'>hier<\/a>.<br \/>\n<a href=\"http:\/\/192.168.1.130\/wordpress\/?page_id=276\" title=\"Strategieentwicklung A1\">SUCCESS STORY<\/a><br \/>\n<b>Auftraggeber:<\/b> A1 Telekom Austria AG<br \/>\n<\/td>\n<\/tr>\n<tr class=\"row-15\">\n\t<td class=\"column-1\">Umsetzungsbegleitung A1 im Competence Center Health Care<\/td>\n<\/tr>\n<tr class=\"row-16\">\n\t<td class=\"column-1\">Umsetzung der erarbeiteten Health Care Strategie und Etablierung einer eigenen Abteilung bei A1 mit Fokus Gesundheit. shm zeigt sich \u00fcber einen Zeitraum von 4 Jahren f\u00fcr Programm-Management, fachliche Expertisen, Partnermanagement, Strategischen Vertrieb, Produktentwicklung und Produktmanagement verantwortlich. <br \/>\nN\u00e4here Informationen <a href=\"http:\/\/www.a1.net\/business\/loesungen\/ehealth-ecare\" target=\"_blank\">hier.<\/a><br \/>\n<a href=\"http:\/\/192.168.1.130\/wordpress\/?page_id=924\" title=\"Umsetzung Health Care Strategie A1\">SUCCESS STORY<\/a><br \/>\n<b>Auftraggeber:<\/b> A1 Telekom Austria AG<br \/>\n<\/td>\n<\/tr>\n<tr class=\"row-17\">\n\t<td class=\"column-1\">Produktentwicklungen und Produktmanagement A1<\/td>\n<\/tr>\n<tr class=\"row-18\">\n\t<td class=\"column-1\"><ul style=\"margin-left: -30px; padding: 0px; list-style-position: outside; margin-bottom: 0px;\"><li><a href=\"http:\/\/www.pgs-ktn.at\" target=\"_blank\">PGS Pflege- und Gesundheitsservice<\/a><br \/>die zentrale Anlaufstelle im Pflege- und Gesundheitsbereich<\/li><li><a href=\"http:\/\/www.renewinghealth.eu \" target=\"_blank\">Renewing Health<\/a><br \/>EU Projekt zur integrierten, telemedizinischen Versorgung von chronisch Kranken<\/li><li>Wartezimmer TV<br \/>die Informations- und Unterhaltungsplattform f\u00fcr Wartezonen im Gesundheitsbereich<\/li><li>E-Care Terminal<br \/>eine all-in-one Kommunikations- und Unterhaltungsl\u00f6sung direkt am Krankenbett<\/li><li>A1 Vital und A1 Care<br \/>eine umfassende L\u00f6sung f\u00fcr die Zielgruppen \u201eGesundheitsbewusste\u201c und \u201eChronisch Kranke\u201c<\/li><li>A1 Soforthilfe<br \/>eine serviceorientierte Notrufl\u00f6sung <\/li><li>A1 Radiologie Langzeit Archiv<br \/>die Langzeitspeicher-L\u00f6sung f\u00fcr Radiologen<\/li><li>DaMe Services und DaMe Online Backup<br \/>intelligente Vernetzung \u00fcber das Datennetz der Medizin<\/li><\/ul><b>Auftraggeber:<\/b> A1 Telekom Austria AG<\/td>\n<\/tr>\n<tr class=\"row-19\">\n\t<td class=\"column-1\">Akzeptanz- und Change Management <\/td>\n<\/tr>\n<tr class=\"row-20\">\n\t<td class=\"column-1\">Messung der Ver\u00e4nderungsbereitschaft der Organisation und ihrer Mitarbeiter anhand des \u201eshm-Ver\u00e4nderungsbereitschaftsmodells\u201c. Ableitung von Ma\u00dfnahmen zur Organisations- und Kulturentwicklung im Hanusch Krankenhaus.<br \/>\n<b>Auftraggeber:<\/b> WGKK \u2013 Wiener Gebietskrankenkasse<br \/>\n<\/td>\n<\/tr>\n<tr class=\"row-21\">\n\t<td class=\"column-1\">Etablierung einer Remobilisations- und Nachsorge-Station<\/td>\n<\/tr>\n<tr class=\"row-22\">\n\t<td class=\"column-1\">Organisations- und Projektentwicklung f\u00fcr die Errichtung einer Remobilisations- und Nachsorge-Station (RNS) im Krankenhaus Friesach, K\u00e4rnten nach medizinischen und \u00f6konomischen Kriterien. Erarbeitung optimaler interner Aufnahme- und Entlassungsprozesse, Aufbereitung von Kooperationsvarianten mit externen Partnern sowie Einf\u00fchrungsunterst\u00fctzung und Inbetriebnahme.<br \/>\n<b>Auftraggeber:<\/b> A.\u00d6. Krankenhaus des Deutschen Ordens Friesach GmbH<\/td>\n<\/tr>\n<tr class=\"row-23\">\n\t<td class=\"column-1\">Strategiekonzept E-Health K\u00e4rnten<\/td>\n<\/tr>\n<tr class=\"row-24\">\n\t<td class=\"column-1\">Erstellung eines Organisations- und IKT-Strategiekonzeptes f\u00fcr die umfassende Vernetzung aller relevanten Partner im medizinischen und pflegerischen Bereich in K\u00e4rnten mit Fokus auf Telemedizin.<br \/>\n<b>Auftraggeber:<\/b> KABEG \u2013 Landeskrankenanstalten Betriebsgesellschaft<\/td>\n<\/tr>\n<tr class=\"row-25\">\n\t<td class=\"column-1\">Dokumentenmanagement<\/td>\n<\/tr>\n<tr class=\"row-26\">\n\t<td class=\"column-1\">Projektmanagement und Projektkoordination zur Sicherstellung der Verf\u00fcgbarkeit der bestehenden Scan-L\u00f6sungen in ORBIS im Rahmen der Einf\u00fchrung der elektronischen Krankengeschichte im LKH Klagenfurt.<br \/>\n<b>Auftraggeber:<\/b> Klinikum-Klagenfurt am W\u00f6rthersee<\/td>\n<\/tr>\n<tr class=\"row-27\">\n\t<td class=\"column-1\">IT-Schulungen im medizinischen Bereich<\/td>\n<\/tr>\n<tr class=\"row-28\">\n\t<td class=\"column-1\">Projektmanagement und Projektkoordination zur Sicherstellung der Schulung neuer und im Zusammenhang mit dem Projekt LKH NEU ge\u00e4nderter IT-Funktionalit\u00e4ten.<br \/>\n<b>Auftraggeber:<\/b> Klinikum-Klagenfurt am W\u00f6rthersee<\/td>\n<\/tr>\n<tr class=\"row-29\">\n\t<td class=\"column-1\">Entwicklung und Betrieb ERP (Electronic Patient Record)<\/td>\n<\/tr>\n<tr class=\"row-30\">\n\t<td class=\"column-1\">Analyse, Design, Entwicklung, Einf\u00fchrung und Betriebsmanagement f\u00fcr ein Web-basiertes klinisches Dokumentationssystem mit integrierter Abrechnung und Prozessorientierung f\u00fcr die Schwarzl Klinik, La\u00dfnitzh\u00f6he, die auf plastisch \u00e4sthetische Chirurgie spezialisiert ist. <br \/>\n<b>Auftraggeber:<\/b> Schwarzl Klinik<\/td>\n<\/tr>\n<\/tbody>\n<\/table>\n<!-- #tablepress-6 from cache --><\/p>","protected":false},"excerpt":{"rendered":"","protected":false},"author":2,"featured_media":0,"parent":431,"menu_order":0,"comment_status":"closed","ping_status":"closed","template":"","meta":{"footnotes":""},"class_list":["post-429","page","type-page","status-publish","hentry"],"_links":{"self":[{"href":"https:\/\/shm.co.at\/index.php?rest_route=\/wp\/v2\/pages\/429","targetHints":{"allow":["GET"]}}],"collection":[{"href":"https:\/\/shm.co.at\/index.php?rest_route=\/wp\/v2\/pages"}],"about":[{"href":"https:\/\/shm.co.at\/index.php?rest_route=\/wp\/v2\/types\/page"}],"author":[{"embeddable":true,"href":"https:\/\/shm.co.at\/index.php?rest_route=\/wp\/v2\/users\/2"}],"replies":[{"embeddable":true,"href":"https:\/\/shm.co.at\/index.php?rest_route=%2Fwp%2Fv2%2Fcomments&post=429"}],"version-history":[{"count":6,"href":"https:\/\/shm.co.at\/index.php?rest_route=\/wp\/v2\/pages\/429\/revisions"}],"predecessor-version":[{"id":1083,"href":"https:\/\/shm.co.at\/index.php?rest_route=\/wp\/v2\/pages\/429\/revisions\/1083"}],"up":[{"embeddable":true,"href":"https:\/\/shm.co.at\/index.php?rest_route=\/wp\/v2\/pages\/431"}],"wp:attachment":[{"href":"https:\/\/shm.co.at\/index.php?rest_route=%2Fwp%2Fv2%2Fmedia&parent=429"}],"curies":[{"name":"wp","href":"https:\/\/api.w.org\/{rel}","templated":true}]}}