{"id":44,"date":"2013-07-23T07:45:04","date_gmt":"2013-07-23T07:45:04","guid":{"rendered":"http:\/\/localhost\/wordpress\/?page_id=44"},"modified":"2015-04-08T09:43:17","modified_gmt":"2015-04-08T11:43:17","slug":"employees","status":"publish","type":"page","link":"https:\/\/shm.co.at\/?page_id=44","title":{"rendered":"Team"},"content":{"rendered":"<p><\/p>\n<p>Unsere Mitarbeiter sind unser wichtigstes Kapital. Sie bringen jahrelange praktische Erfahrung mit und vereinen fachliche und soziale Kompetenz mit Engagement und Leidenschaft f\u00fcr die Sache.<\/p>\n<p>Ein <b>zentraler Kundenansprechpartner<\/b> aus dem Kernteam greift auf Ressourcen aus unserem erweiterten Mitarbeiterpool zur\u00fcck. Dank der verschiedenen Fachdisziplinen und eines breiten Spektrums an Projekt- und Prozessmanagement-Tools k\u00f6nnen wir so f\u00fcr jedes Projekt ein ideales Team bereitstellen.<\/p>\n<p><\/p>\n<p><code><div class=\"staff-member-listing employees\"><div class=\"staff-member even \">\r\n\t<img decoding=\"async\" class=\"staff-member-photo\" src=\"https:\/\/shm.co.at\/wp-content\/uploads\/2020\/03\/SZII9769-e1583607516426.jpg\" alt=\"Astrid Wohlgemuth : Projekt und GF-Assistentin\">\r\n        <div class=\"staff-member-info-wrap\">\r\n\t\t<h3 class=\"staff-member-name\">Astrid Wohlgemuth<\/h3>\r\n\t\t<h4 class=\"staff-member-position\">Projekt und GF-Assistentin<\/h4>\r\n\t\t<div class=\"staff-member-bio\"><p><strong>Schwerpunkt:<\/strong><\/p>\n<ul>\n<li>Projektassistentin<\/li>\n<li>Assistentin der Gesch\u00e4ftsf\u00fchrung<\/li>\n<li>Office Management<\/li>\n<\/ul>\n<\/div>\r\n\t\t<a class=\"staff-member-email\" href=\"mailto:&#097;&#115;tr&#105;d&#046;&#119;&#111;h&#108;gem&#117;t&#104;&#064;s&#104;m&#046;&#099;&#111;&#046;&#097;&#116;\" title=\"Email Astrid Wohlgemuth\">a&#115;trid&#046;&#119;o&#104;lge&#109;&#117;th&#064;shm.&#099;&#111;&#046;at<\/a>\r\n\t<\/div>\r\n<\/div> <!-- Close staff-member --><div class=\"staff-member odd \">\r\n\t<img decoding=\"async\" class=\"staff-member-photo\" src=\"https:\/\/shm.co.at\/wp-content\/uploads\/2022\/04\/Lumpe5.jpg\" alt=\"Jens Lumpe : Senior Consultant\">\r\n        <div class=\"staff-member-info-wrap\">\r\n\t\t<h3 class=\"staff-member-name\">Jens Lumpe<\/h3>\r\n\t\t<h4 class=\"staff-member-position\">Senior Consultant<\/h4>\r\n\t\t<div class=\"staff-member-bio\"><p><strong>Schwerpunkt:<\/strong><\/p>\n<ul>\n<li>Projekt- und Prozessmanagement<\/li>\n<li>Requirements Management<\/li>\n<li>Solution Architektur<\/li>\n<li>Business- und IT-Consulting<\/li>\n<\/ul>\n<\/div>\r\n\t\t<a class=\"staff-member-email\" href=\"mailto:jen&#115;&#046;l&#117;&#109;pe&#064;&#115;hm&#046;&#099;o.at\" title=\"Email Jens Lumpe\">j&#101;n&#115;.l&#117;&#109;&#112;e&#064;&#115;&#104;m.&#099;&#111;.&#097;&#116;<\/a>\r\n\t<\/div>\r\n<\/div> <!-- Close staff-member --><div class=\"staff-member even \">\r\n\t<img decoding=\"async\" class=\"staff-member-photo\" src=\"https:\/\/shm.co.at\/wp-content\/uploads\/2019\/11\/Pernkopf_02-e1574937089618.jpg\" alt=\"G\u00fcnter Pernkopf : Senior Consultant, Prokurist\">\r\n        <div class=\"staff-member-info-wrap\">\r\n\t\t<h3 class=\"staff-member-name\">G\u00fcnter Pernkopf<\/h3>\r\n\t\t<h4 class=\"staff-member-position\">Senior Consultant, Prokurist<\/h4>\r\n\t\t<div class=\"staff-member-bio\"><p>Schwerpunkt:<\/p>\n<ul>\n<li>Projekt- und Prozessmanagement<\/li>\n<li>Requirements Management<\/li>\n<li>Solution Architektur<\/li>\n<li>Business- und IT-Consulting<\/li>\n<\/ul>\n<\/div>\r\n\t\t<a class=\"staff-member-email\" href=\"mailto:&#103;u&#101;&#110;&#116;&#101;&#114;.p&#101;rn&#107;&#111;&#112;&#102;&#064;&#115;h&#109;&#046;&#099;&#111;&#046;a&#116;\" title=\"Email G\u00fcnter Pernkopf\">&#103;&#117;&#101;nte&#114;&#046;&#112;ernk&#111;&#112;&#102;&#064;shm.&#099;o&#046;&#097;&#116;<\/a>\r\n\t<\/div>\r\n<\/div> <!-- Close staff-member --><div class=\"staff-member odd  last\">\r\n\t<img decoding=\"async\" class=\"staff-member-photo\" src=\"https:\/\/shm.co.at\/wp-content\/uploads\/2013\/07\/lampret.png\" alt=\"Joachim Lampret : Gesch\u00e4ftsf\u00fchrer (CEO), Senior Consultant\">\r\n        <div class=\"staff-member-info-wrap\">\r\n\t\t<h3 class=\"staff-member-name\">Joachim Lampret<\/h3>\r\n\t\t<h4 class=\"staff-member-position\">Gesch\u00e4ftsf\u00fchrer (CEO), Senior Consultant<\/h4>\r\n\t\t<div class=\"staff-member-bio\"><p class=\"focus\">Schwerpunkt:<\/p>\n<ul style=\"text-align: left\">\n<li>Information Security Management, e-health<\/li>\n<li>Requirements und Test-Management<\/li>\n<li>Solutionarchitektur, Business und IT Consulting<\/li>\n<li>Projekt- und Prozessmanagement<\/li>\n<\/ul>\n<\/div>\r\n\t\t<a class=\"staff-member-email\" href=\"mailto:j&#111;ac&#104;im.l&#097;mpr&#101;&#116;&#064;&#115;h&#109;&#046;&#099;o&#046;at\" title=\"Email Joachim Lampret\">&#106;&#111;&#097;chi&#109;.l&#097;&#109;&#112;&#114;&#101;&#116;&#064;&#115;hm&#046;c&#111;.&#097;t<\/a>\r\n\t<\/div>\r\n<\/div> <!-- Close staff-member --><\/div> <!-- Close staff-member-listing --><\/code><\/p>","protected":false},"excerpt":{"rendered":"<p>Unsere Mitarbeiter sind unser wichtigstes Kapital. Sie bringen jahrelange praktische Erfahrung mit und vereinen fachliche und soziale Kompetenz mit Engagement und Leidenschaft f\u00fcr die Sache. Ein zentraler Kundenansprechpartner aus dem Kernteam greift auf Ressourcen aus unserem erweiterten Mitarbeiterpool zur\u00fcck. Dank der verschiedenen Fachdisziplinen und eines breiten Spektrums an Projekt- und Prozessmanagement-Tools k\u00f6nnen wir so f\u00fcr [&hellip;]<\/p>\n","protected":false},"author":2,"featured_media":0,"parent":11,"menu_order":2,"comment_status":"closed","ping_status":"closed","template":"","meta":{"footnotes":""},"class_list":["post-44","page","type-page","status-publish","hentry"],"_links":{"self":[{"href":"https:\/\/shm.co.at\/index.php?rest_route=\/wp\/v2\/pages\/44","targetHints":{"allow":["GET"]}}],"collection":[{"href":"https:\/\/shm.co.at\/index.php?rest_route=\/wp\/v2\/pages"}],"about":[{"href":"https:\/\/shm.co.at\/index.php?rest_route=\/wp\/v2\/types\/page"}],"author":[{"embeddable":true,"href":"https:\/\/shm.co.at\/index.php?rest_route=\/wp\/v2\/users\/2"}],"replies":[{"embeddable":true,"href":"https:\/\/shm.co.at\/index.php?rest_route=%2Fwp%2Fv2%2Fcomments&post=44"}],"version-history":[{"count":9,"href":"https:\/\/shm.co.at\/index.php?rest_route=\/wp\/v2\/pages\/44\/revisions"}],"predecessor-version":[{"id":1331,"href":"https:\/\/shm.co.at\/index.php?rest_route=\/wp\/v2\/pages\/44\/revisions\/1331"}],"up":[{"embeddable":true,"href":"https:\/\/shm.co.at\/index.php?rest_route=\/wp\/v2\/pages\/11"}],"wp:attachment":[{"href":"https:\/\/shm.co.at\/index.php?rest_route=%2Fwp%2Fv2%2Fmedia&parent=44"}],"curies":[{"name":"wp","href":"https:\/\/api.w.org\/{rel}","templated":true}]}}