{"id":452,"date":"2013-08-14T08:51:40","date_gmt":"2013-08-14T08:51:40","guid":{"rendered":"http:\/\/localhost\/wordpress\/?page_id=452"},"modified":"2015-03-20T07:30:59","modified_gmt":"2015-03-20T09:30:59","slug":"klinikum-wels-grieskirchen-gmbh","status":"publish","type":"page","link":"https:\/\/shm.co.at\/?page_id=452","title":{"rendered":"Klinikum Wels-Grieskirchen GmbH"},"content":{"rendered":"<p><\/p>\n<table>\n<td class=\"prtitle\">Einf\u00fchrung KIS<\/td>\n<\/tr>\n<tr>\n<td>KIS Einf\u00fchrung Gesamteinf\u00fchrung von Soarian\u2122 und RIS\/PACS im Klinikum Wels\/Grieskirchen. Prozessanalyse, Betriebsorganisationskonzept, Produktmanagement, Softwareentwicklung, Betamanagement, Testing, Betriebsmanagement.<br \/>\n<b>Auftraggeber:<\/b> Siemens AG \u00d6sterreich\n<\/td>\n<\/tr>\n<\/table>\n<p><\/p>","protected":false},"excerpt":{"rendered":"<p>Einf\u00fchrung KIS KIS Einf\u00fchrung Gesamteinf\u00fchrung von Soarian\u2122 und RIS\/PACS im Klinikum Wels\/Grieskirchen. Prozessanalyse, Betriebsorganisationskonzept, Produktmanagement, Softwareentwicklung, Betamanagement, Testing, Betriebsmanagement. Auftraggeber: Siemens AG \u00d6sterreich<\/p>\n","protected":false},"author":2,"featured_media":0,"parent":60,"menu_order":7,"comment_status":"closed","ping_status":"closed","template":"","meta":{"footnotes":""},"class_list":["post-452","page","type-page","status-publish","hentry"],"_links":{"self":[{"href":"https:\/\/shm.co.at\/index.php?rest_route=\/wp\/v2\/pages\/452","targetHints":{"allow":["GET"]}}],"collection":[{"href":"https:\/\/shm.co.at\/index.php?rest_route=\/wp\/v2\/pages"}],"about":[{"href":"https:\/\/shm.co.at\/index.php?rest_route=\/wp\/v2\/types\/page"}],"author":[{"embeddable":true,"href":"https:\/\/shm.co.at\/index.php?rest_route=\/wp\/v2\/users\/2"}],"replies":[{"embeddable":true,"href":"https:\/\/shm.co.at\/index.php?rest_route=%2Fwp%2Fv2%2Fcomments&post=452"}],"version-history":[{"count":10,"href":"https:\/\/shm.co.at\/index.php?rest_route=\/wp\/v2\/pages\/452\/revisions"}],"predecessor-version":[{"id":745,"href":"https:\/\/shm.co.at\/index.php?rest_route=\/wp\/v2\/pages\/452\/revisions\/745"}],"up":[{"embeddable":true,"href":"https:\/\/shm.co.at\/index.php?rest_route=\/wp\/v2\/pages\/60"}],"wp:attachment":[{"href":"https:\/\/shm.co.at\/index.php?rest_route=%2Fwp%2Fv2%2Fmedia&parent=452"}],"curies":[{"name":"wp","href":"https:\/\/api.w.org\/{rel}","templated":true}]}}