{"id":456,"date":"2013-08-14T08:56:31","date_gmt":"2013-08-14T08:56:31","guid":{"rendered":"http:\/\/localhost\/wordpress\/?page_id=456"},"modified":"2015-03-20T07:33:04","modified_gmt":"2015-03-20T09:33:04","slug":"landeskrankenanstalten-betriebsgesellschaft-kabeg","status":"publish","type":"page","link":"https:\/\/shm.co.at\/?page_id=456","title":{"rendered":"Landeskrankenanstalten-Betriebsgesellschaft KABEG"},"content":{"rendered":"<p><\/p>\n<table>\n<tr>\n<td class=\"prtitle\">Projekt KABIS <\/td>\n<\/tr>\n<tr>\n<td>Projektmanagement, Entwicklung, Customizing, Testing, Einf\u00fchrung, Schulung und Betriebsmanagement von KABIS \u2013 dem Krankenanstalten Berichts- und Informationssystem und Datawarehouse LKF f\u00fcr den Krankenanstaltenverbund.\n<\/td>\n<\/tr>\n<tr>\n<td class=\"prtitle\">Strategiekonzept E-Health K\u00e4rnten<\/td>\n<\/tr>\n<tr>\n<td>Erstellung eines Organisations- und IKT-Strategiekonzeptes f\u00fcr die umfassende Vernetzung aller relevanten Partner im medizinischen und pflegerischen Bereich in K\u00e4rnten mit Fokus auf Telemedizin.\n<\/td>\n<\/tr>\n<tr>\n<td class=\"prtitle\">Personalbedarfsanalyse <\/td>\n<\/tr>\n<tr>\n<td>Leistungsorientierte Personalbedarfsanalyse im kaufm\u00e4nnisch-technischen Bereich des Klinikum Klagenfurt als begleitende Ma\u00dfnahme zu laufenden Organisationsentwicklungsma\u00dfnahmen des Klinikums.\n<\/td>\n<\/tr>\n<tr>\n<td class=\"prtitle\">CISO \u2013 Einf\u00fchrung <\/td>\n<\/tr>\n<tr>\n<td>Konzeption und Aufbau eines Information Security Management Systems (ISMS) und Einleitung organisatorischer Ma\u00dfnahmen zur Etablierung eines CISO (Chief Information Security Officer) bei KABEG.\n<\/td>\n<\/tr>\n<\/table>\n<p><\/p>","protected":false},"excerpt":{"rendered":"<p>Projekt KABIS Projektmanagement, Entwicklung, Customizing, Testing, Einf\u00fchrung, Schulung und Betriebsmanagement von KABIS \u2013 dem Krankenanstalten Berichts- und Informationssystem und Datawarehouse LKF f\u00fcr den Krankenanstaltenverbund. Strategiekonzept E-Health K\u00e4rnten Erstellung eines Organisations- und IKT-Strategiekonzeptes f\u00fcr die umfassende Vernetzung aller relevanten Partner im medizinischen und pflegerischen Bereich in K\u00e4rnten mit Fokus auf Telemedizin. Personalbedarfsanalyse Leistungsorientierte Personalbedarfsanalyse im kaufm\u00e4nnisch-technischen [&hellip;]<\/p>\n","protected":false},"author":2,"featured_media":0,"parent":60,"menu_order":10,"comment_status":"closed","ping_status":"closed","template":"","meta":{"footnotes":""},"class_list":["post-456","page","type-page","status-publish","hentry"],"_links":{"self":[{"href":"https:\/\/shm.co.at\/index.php?rest_route=\/wp\/v2\/pages\/456","targetHints":{"allow":["GET"]}}],"collection":[{"href":"https:\/\/shm.co.at\/index.php?rest_route=\/wp\/v2\/pages"}],"about":[{"href":"https:\/\/shm.co.at\/index.php?rest_route=\/wp\/v2\/types\/page"}],"author":[{"embeddable":true,"href":"https:\/\/shm.co.at\/index.php?rest_route=\/wp\/v2\/users\/2"}],"replies":[{"embeddable":true,"href":"https:\/\/shm.co.at\/index.php?rest_route=%2Fwp%2Fv2%2Fcomments&post=456"}],"version-history":[{"count":7,"href":"https:\/\/shm.co.at\/index.php?rest_route=\/wp\/v2\/pages\/456\/revisions"}],"predecessor-version":[{"id":749,"href":"https:\/\/shm.co.at\/index.php?rest_route=\/wp\/v2\/pages\/456\/revisions\/749"}],"up":[{"embeddable":true,"href":"https:\/\/shm.co.at\/index.php?rest_route=\/wp\/v2\/pages\/60"}],"wp:attachment":[{"href":"https:\/\/shm.co.at\/index.php?rest_route=%2Fwp%2Fv2%2Fmedia&parent=456"}],"curies":[{"name":"wp","href":"https:\/\/api.w.org\/{rel}","templated":true}]}}