{"id":477,"date":"2013-08-14T09:16:41","date_gmt":"2013-08-14T09:16:41","guid":{"rendered":"http:\/\/localhost\/wordpress\/?page_id=477"},"modified":"2015-03-20T07:38:54","modified_gmt":"2015-03-20T09:38:54","slug":"siemens-ag-osterreich","status":"publish","type":"page","link":"https:\/\/shm.co.at\/?page_id=477","title":{"rendered":"Siemens AG \u00d6sterreich"},"content":{"rendered":"<p><\/p>\n<table>\n<tr>\n<td class=\"prtitle\">Ausschreibungsunterst\u00fctzung<\/td>\n<\/tr>\n<tr>\n<td>Proposal Management f\u00fcr <\/p>\n<ul>\n<li>AKH Wien<\/li>\n<li>PVA \u00d6sterreich<\/li>\n<li>KABEG &#8211; K\u00e4rntner Landeskrankenanstalten Betriebsgesellschaft<\/li>\n<li>Pflegeheime Nieder\u00f6sterreich<\/li>\n<li>Hanusch Krankenhaus<\/li>\n<li>KAV &#8211; Wiener Krankenanstalten Verbund<\/li>\n<li>Privatklinikgruppe Hirslanden (Schweiz)<\/li>\n<li>SALK &#8211; Gemeinn\u00fctzige Salzburger Landeskliniken Betriebsgesellschaft mbH<\/li>\n<li>CHUV \u2013 Centre Hospitalier Universitaire Vaudois (Schweiz)<\/li>\n<\/ul>\n<\/td>\n<\/tr>\n<tr>\n<\/table>\n<p><\/p>","protected":false},"excerpt":{"rendered":"<p>Ausschreibungsunterst\u00fctzung Proposal Management f\u00fcr AKH Wien PVA \u00d6sterreich KABEG &#8211; K\u00e4rntner Landeskrankenanstalten Betriebsgesellschaft Pflegeheime Nieder\u00f6sterreich Hanusch Krankenhaus KAV &#8211; Wiener Krankenanstalten Verbund Privatklinikgruppe Hirslanden (Schweiz) SALK &#8211; Gemeinn\u00fctzige Salzburger Landeskliniken Betriebsgesellschaft mbH CHUV \u2013 Centre Hospitalier Universitaire Vaudois (Schweiz)<\/p>\n","protected":false},"author":2,"featured_media":0,"parent":60,"menu_order":17,"comment_status":"closed","ping_status":"closed","template":"","meta":{"footnotes":""},"class_list":["post-477","page","type-page","status-publish","hentry"],"_links":{"self":[{"href":"https:\/\/shm.co.at\/index.php?rest_route=\/wp\/v2\/pages\/477","targetHints":{"allow":["GET"]}}],"collection":[{"href":"https:\/\/shm.co.at\/index.php?rest_route=\/wp\/v2\/pages"}],"about":[{"href":"https:\/\/shm.co.at\/index.php?rest_route=\/wp\/v2\/types\/page"}],"author":[{"embeddable":true,"href":"https:\/\/shm.co.at\/index.php?rest_route=\/wp\/v2\/users\/2"}],"replies":[{"embeddable":true,"href":"https:\/\/shm.co.at\/index.php?rest_route=%2Fwp%2Fv2%2Fcomments&post=477"}],"version-history":[{"count":12,"href":"https:\/\/shm.co.at\/index.php?rest_route=\/wp\/v2\/pages\/477\/revisions"}],"predecessor-version":[{"id":1287,"href":"https:\/\/shm.co.at\/index.php?rest_route=\/wp\/v2\/pages\/477\/revisions\/1287"}],"up":[{"embeddable":true,"href":"https:\/\/shm.co.at\/index.php?rest_route=\/wp\/v2\/pages\/60"}],"wp:attachment":[{"href":"https:\/\/shm.co.at\/index.php?rest_route=%2Fwp%2Fv2%2Fmedia&parent=477"}],"curies":[{"name":"wp","href":"https:\/\/api.w.org\/{rel}","templated":true}]}}