{"id":480,"date":"2013-08-14T09:20:28","date_gmt":"2013-08-14T09:20:28","guid":{"rendered":"http:\/\/localhost\/wordpress\/?page_id=480"},"modified":"2015-03-20T07:22:23","modified_gmt":"2015-03-20T09:22:23","slug":"uke-universitatsklinikum-hamburg-eppendorf","status":"publish","type":"page","link":"https:\/\/shm.co.at\/?page_id=480","title":{"rendered":"UKE \u2013 Universit\u00e4tsklinikum Hamburg-Eppendorf"},"content":{"rendered":"<p><\/p>\n<table>\n<tr>\n<td class=\"prtitle\">KIS Einf\u00fchrung<\/td>\n<\/tr>\n<tr>\n<td>Einf\u00fchrung des klinischen Informationssystems Soarian&#153;. Betriebsunterst\u00fctzung im Bereich Systeme sowie Aufbau und Betrieb der Soarian&#153; Systemlandschaft.<br \/>\n<b>Auftraggeber:<\/b> Siemens AG Austria\n<\/td>\n<\/tr>\n<\/table>\n<p><\/p>","protected":false},"excerpt":{"rendered":"<p>KIS Einf\u00fchrung Einf\u00fchrung des klinischen Informationssystems Soarian&#153;. Betriebsunterst\u00fctzung im Bereich Systeme sowie Aufbau und Betrieb der Soarian&#153; Systemlandschaft. Auftraggeber: Siemens AG Austria<\/p>\n","protected":false},"author":2,"featured_media":0,"parent":60,"menu_order":16,"comment_status":"closed","ping_status":"closed","template":"","meta":{"footnotes":""},"class_list":["post-480","page","type-page","status-publish","hentry"],"_links":{"self":[{"href":"https:\/\/shm.co.at\/index.php?rest_route=\/wp\/v2\/pages\/480","targetHints":{"allow":["GET"]}}],"collection":[{"href":"https:\/\/shm.co.at\/index.php?rest_route=\/wp\/v2\/pages"}],"about":[{"href":"https:\/\/shm.co.at\/index.php?rest_route=\/wp\/v2\/types\/page"}],"author":[{"embeddable":true,"href":"https:\/\/shm.co.at\/index.php?rest_route=\/wp\/v2\/users\/2"}],"replies":[{"embeddable":true,"href":"https:\/\/shm.co.at\/index.php?rest_route=%2Fwp%2Fv2%2Fcomments&post=480"}],"version-history":[{"count":10,"href":"https:\/\/shm.co.at\/index.php?rest_route=\/wp\/v2\/pages\/480\/revisions"}],"predecessor-version":[{"id":1143,"href":"https:\/\/shm.co.at\/index.php?rest_route=\/wp\/v2\/pages\/480\/revisions\/1143"}],"up":[{"embeddable":true,"href":"https:\/\/shm.co.at\/index.php?rest_route=\/wp\/v2\/pages\/60"}],"wp:attachment":[{"href":"https:\/\/shm.co.at\/index.php?rest_route=%2Fwp%2Fv2%2Fmedia&parent=480"}],"curies":[{"name":"wp","href":"https:\/\/api.w.org\/{rel}","templated":true}]}}