{"id":59,"date":"2013-07-23T11:13:52","date_gmt":"2013-07-23T11:13:52","guid":{"rendered":"http:\/\/localhost\/wordpress\/?page_id=59"},"modified":"2015-04-08T08:09:07","modified_gmt":"2015-04-08T10:09:07","slug":"bewegung-und-sport","status":"publish","type":"page","link":"https:\/\/shm.co.at\/?page_id=59","title":{"rendered":"Bewegung und Sport"},"content":{"rendered":"<p><b>shm<\/b> sieht die Bereiche Bewegung und Sport als integrativen Teil des gro\u00dfen Themas Gesundheit. Die Bedeutung dieser Themenstellungen wird in diesem Zusammenhang weiter zunehmen, da das k\u00fcnftige Gesundheitswesen viel st\u00e4rker als bisher auf Vorbeugung, Bewegung und Sport setzen wird (m\u00fcssen).<\/p>\n<p>Vor diesem Hintergrund widmet sich <b>shm<\/b> der Evaluation und Bewertung vorhandener oder geplanter Bewegungs- und Sportinfrastruktur, entwickelt aber auch selbst und proaktiv Projekte in diesen Bereichen. Dar\u00fcber hinaus begleiten wir unsere Kunden auch in der Umsetzung und Realisierung ihrer Vorhaben.<\/p>\n<p><\/p>","protected":false},"excerpt":{"rendered":"<p>shm sieht die Bereiche Bewegung und Sport als integrativen Teil des gro\u00dfen Themas Gesundheit. Die Bedeutung dieser Themenstellungen wird in diesem Zusammenhang weiter zunehmen, da das k\u00fcnftige Gesundheitswesen viel st\u00e4rker als bisher auf Vorbeugung, Bewegung und Sport setzen wird (m\u00fcssen). Vor diesem Hintergrund widmet sich shm der Evaluation und Bewertung vorhandener oder geplanter Bewegungs- und [&hellip;]<\/p>\n","protected":false},"author":2,"featured_media":0,"parent":0,"menu_order":0,"comment_status":"closed","ping_status":"closed","template":"","meta":{"footnotes":""},"class_list":["post-59","page","type-page","status-publish","hentry"],"_links":{"self":[{"href":"https:\/\/shm.co.at\/index.php?rest_route=\/wp\/v2\/pages\/59","targetHints":{"allow":["GET"]}}],"collection":[{"href":"https:\/\/shm.co.at\/index.php?rest_route=\/wp\/v2\/pages"}],"about":[{"href":"https:\/\/shm.co.at\/index.php?rest_route=\/wp\/v2\/types\/page"}],"author":[{"embeddable":true,"href":"https:\/\/shm.co.at\/index.php?rest_route=\/wp\/v2\/users\/2"}],"replies":[{"embeddable":true,"href":"https:\/\/shm.co.at\/index.php?rest_route=%2Fwp%2Fv2%2Fcomments&post=59"}],"version-history":[{"count":14,"href":"https:\/\/shm.co.at\/index.php?rest_route=\/wp\/v2\/pages\/59\/revisions"}],"predecessor-version":[{"id":1295,"href":"https:\/\/shm.co.at\/index.php?rest_route=\/wp\/v2\/pages\/59\/revisions\/1295"}],"wp:attachment":[{"href":"https:\/\/shm.co.at\/index.php?rest_route=%2Fwp%2Fv2%2Fmedia&parent=59"}],"curies":[{"name":"wp","href":"https:\/\/api.w.org\/{rel}","templated":true}]}}