{"id":85,"date":"2013-07-24T14:05:06","date_gmt":"2013-07-24T14:05:06","guid":{"rendered":"http:\/\/localhost\/wordpress\/?page_id=85"},"modified":"2017-03-29T04:38:20","modified_gmt":"2017-03-29T06:38:20","slug":"partner","status":"publish","type":"page","link":"https:\/\/shm.co.at\/?page_id=85","title":{"rendered":"Partner"},"content":{"rendered":"<p>\n<table id=\"tablepress-7\" class=\"tablepress tablepress-id-7\">\n<tbody>\n<tr class=\"row-1\">\n\t<td class=\"column-1\"><a href=\"http:\/\/www.gerhardseifried.at\/\" target=\"_blank\"><img loading=\"lazy\" decoding=\"async\" src=\"https:\/\/shm.co.at\/wp-content\/uploads\/2015\/07\/gsc.jpg\" alt=\"\" width=\"144\" height=\"67\" class=\"alignnone size-full wp-image-144\" \/><\/a><\/td><td class=\"column-2\"><b>gsc* gerhard seifried<\/b> communications bietet hochqualifizierte Dienstleistungen in verschiedenen Bereichen der Kommunikation. Diese reichen von klassischem Medientraining \u00fcber Auftrittscoaching bis hin zu strategischer Kommunikation.<\/td>\n<\/tr>\n<tr class=\"row-2\">\n\t<td class=\"column-1\"><a href=\"http:\/\/www.gsd.at\/Home\/\" target=\"_blank\"><img loading=\"lazy\" decoding=\"async\" src=\"https:\/\/shm.co.at\/wp-content\/uploads\/2013\/07\/gsd.jpg\" alt=\"\" width=\"120\" height=\"49\" class=\"alignnone size-full wp-image-120\" \/><\/a><\/td><td class=\"column-2\">Die <b>GSD Gesellschaft f\u00fcr Stadt- und Dorferneuerung<\/b> betreut umfassende Errichtungs- und Wohnbausanierungsprojekte in \u00d6sterreich. Stets mit dem Bestreben, ein Gleichgewicht zwischen \u00d6konomie, \u00d6kologie, Architektur und Gesellschaft zu schaffen.<\/td>\n<\/tr>\n<tr class=\"row-3\">\n\t<td class=\"column-1\"><a href=\"http:\/\/www.isit.at\/\" target=\"_blank\"><img loading=\"lazy\" decoding=\"async\" src=\"https:\/\/shm.co.at\/wp-content\/uploads\/2013\/07\/isit.jpg\" alt=\"\" width=\"70\" height=\"48\" class=\"alignnone size-full wp-image-80\" valign=\"middle\" \/><\/a><\/td><td class=\"column-2\"><b>isit Consulting GmbH<\/b> begreift Unternehmen und Organisationen in ihrem gesamtheitlichen gesellschaftlichen Zusammenhang. Dabei fokussieren die Leistungen auf diejenigen Prozesse, die sie als langfristige Wertetreiber in Unternehmen identifiziert: Menschen in ihren Arbeits- und Wissenszusammenh\u00e4ngen und die Informationstechnologie als Unterst\u00fctzung der Gesch\u00e4ftsprozesse.<\/td>\n<\/tr>\n<\/tbody>\n<\/table>\n<!-- #tablepress-7 from cache --><\/p>","protected":false},"excerpt":{"rendered":"","protected":false},"author":2,"featured_media":0,"parent":11,"menu_order":6,"comment_status":"closed","ping_status":"closed","template":"","meta":{"footnotes":""},"class_list":["post-85","page","type-page","status-publish","hentry"],"_links":{"self":[{"href":"https:\/\/shm.co.at\/index.php?rest_route=\/wp\/v2\/pages\/85","targetHints":{"allow":["GET"]}}],"collection":[{"href":"https:\/\/shm.co.at\/index.php?rest_route=\/wp\/v2\/pages"}],"about":[{"href":"https:\/\/shm.co.at\/index.php?rest_route=\/wp\/v2\/types\/page"}],"author":[{"embeddable":true,"href":"https:\/\/shm.co.at\/index.php?rest_route=\/wp\/v2\/users\/2"}],"replies":[{"embeddable":true,"href":"https:\/\/shm.co.at\/index.php?rest_route=%2Fwp%2Fv2%2Fcomments&post=85"}],"version-history":[{"count":6,"href":"https:\/\/shm.co.at\/index.php?rest_route=\/wp\/v2\/pages\/85\/revisions"}],"predecessor-version":[{"id":1458,"href":"https:\/\/shm.co.at\/index.php?rest_route=\/wp\/v2\/pages\/85\/revisions\/1458"}],"up":[{"embeddable":true,"href":"https:\/\/shm.co.at\/index.php?rest_route=\/wp\/v2\/pages\/11"}],"wp:attachment":[{"href":"https:\/\/shm.co.at\/index.php?rest_route=%2Fwp%2Fv2%2Fmedia&parent=85"}],"curies":[{"name":"wp","href":"https:\/\/api.w.org\/{rel}","templated":true}]}}