{"id":86,"date":"2013-07-24T14:05:30","date_gmt":"2013-07-24T14:05:30","guid":{"rendered":"http:\/\/localhost\/wordpress\/?page_id=86"},"modified":"2013-08-29T12:23:11","modified_gmt":"2013-08-29T12:23:11","slug":"kundennutzen","status":"publish","type":"page","link":"https:\/\/shm.co.at\/?page_id=86","title":{"rendered":"Kundennutzen"},"content":{"rendered":"<p><strong>Sie erhalten nachhaltige Ergebnisse. <\/strong><br \/>\nUnsere methodische Arbeitsweise ist stets darauf ausgerichtet, langfristige, umsetzbare Ergebnisse zu erzielen. Durch enge Abstimmung mit Ihnen schaffen wir Transparenz und Kundenzufriedenheit.<\/p>\n<p><strong>Sie greifen auf unsere Umsetzungsst\u00e4rke zur\u00fcck.<\/strong><br \/>\nSie erhalten EIN Gesamtkonzept und EINE durchg\u00e4ngige Umsetzung. Wir begleiten sie von der Projektidee \u00fcber die Detailplanung bis hin zur Realisierung und \u00fcbernehmen dabei Ausf\u00fchrungsverantwortung.<\/p>\n<p><strong>Sie arbeiten mit einem motivierten Team.<\/strong><br \/>\nEin zentraler Kundenansprechpartner greift auf branchenerfahrene Spezialisten aus unserem interdisziplin\u00e4ren Mitarbeiterpool zur\u00fcck \u2013 angepasst an Ihre Bed\u00fcrfnisse und Anforderungen.<\/p>\n<p><strong>Sie profitieren von unserer Objektivit\u00e4t.<\/strong><br \/>\nEin neutraler Blick von au\u00dfen schafft Raum f\u00fcr neue und innovative Ideen. Wir unterst\u00fctzen Sie bei der Umsetzung Ihrer Ziele und der Identifikation von Verbesserungspotenzialen.<br \/>\n<\/p>","protected":false},"excerpt":{"rendered":"<p>Sie erhalten nachhaltige Ergebnisse. Unsere methodische Arbeitsweise ist stets darauf ausgerichtet, langfristige, umsetzbare Ergebnisse zu erzielen. Durch enge Abstimmung mit Ihnen schaffen wir Transparenz und Kundenzufriedenheit. Sie greifen auf unsere Umsetzungsst\u00e4rke zur\u00fcck. Sie erhalten EIN Gesamtkonzept und EINE durchg\u00e4ngige Umsetzung. Wir begleiten sie von der Projektidee \u00fcber die Detailplanung bis hin zur Realisierung und \u00fcbernehmen [&hellip;]<\/p>\n","protected":false},"author":2,"featured_media":0,"parent":11,"menu_order":3,"comment_status":"closed","ping_status":"closed","template":"","meta":{"footnotes":""},"class_list":["post-86","page","type-page","status-publish","hentry"],"_links":{"self":[{"href":"https:\/\/shm.co.at\/index.php?rest_route=\/wp\/v2\/pages\/86","targetHints":{"allow":["GET"]}}],"collection":[{"href":"https:\/\/shm.co.at\/index.php?rest_route=\/wp\/v2\/pages"}],"about":[{"href":"https:\/\/shm.co.at\/index.php?rest_route=\/wp\/v2\/types\/page"}],"author":[{"embeddable":true,"href":"https:\/\/shm.co.at\/index.php?rest_route=\/wp\/v2\/users\/2"}],"replies":[{"embeddable":true,"href":"https:\/\/shm.co.at\/index.php?rest_route=%2Fwp%2Fv2%2Fcomments&post=86"}],"version-history":[{"count":5,"href":"https:\/\/shm.co.at\/index.php?rest_route=\/wp\/v2\/pages\/86\/revisions"}],"predecessor-version":[{"id":861,"href":"https:\/\/shm.co.at\/index.php?rest_route=\/wp\/v2\/pages\/86\/revisions\/861"}],"up":[{"embeddable":true,"href":"https:\/\/shm.co.at\/index.php?rest_route=\/wp\/v2\/pages\/11"}],"wp:attachment":[{"href":"https:\/\/shm.co.at\/index.php?rest_route=%2Fwp%2Fv2%2Fmedia&parent=86"}],"curies":[{"name":"wp","href":"https:\/\/api.w.org\/{rel}","templated":true}]}}