{"id":87,"date":"2013-07-24T14:05:50","date_gmt":"2013-07-24T14:05:50","guid":{"rendered":"http:\/\/localhost\/wordpress\/?page_id=87"},"modified":"2015-07-08T05:44:44","modified_gmt":"2015-07-08T07:44:44","slug":"leitbild","status":"publish","type":"page","link":"https:\/\/shm.co.at\/?page_id=87","title":{"rendered":"Leitbild"},"content":{"rendered":"<p><b>shm<\/b> als Generalist im Gesundheits- und Sozialwesen spricht die Sprache des Kunden, versteht dadurch seine Anforderungen und kann diese ganzheitlich in nutzenorientierte L\u00f6sungen umsetzen. <\/p>\n<p>Wir als Teil des Generalisten besitzen insbesondere soziale Kompetenz, strukturiertes Denkverm\u00f6gen, Kreativit\u00e4t und Innovationskraft. Dar\u00fcber hinaus haben wir die starke Bereitschaft, uns laufend weiterzubilden, um dem Anspruch des Generalisten gerecht zu werden und so das Beste f\u00fcr unsere Kunden zu tun.<\/p>\n<p class=\"pararight\"><b>Das shm-Team, 2015<\/b><\/p>\n<p><\/p>","protected":false},"excerpt":{"rendered":"<p>shm als Generalist im Gesundheits- und Sozialwesen spricht die Sprache des Kunden, versteht dadurch seine Anforderungen und kann diese ganzheitlich in nutzenorientierte L\u00f6sungen umsetzen. Wir als Teil des Generalisten besitzen insbesondere soziale Kompetenz, strukturiertes Denkverm\u00f6gen, Kreativit\u00e4t und Innovationskraft. Dar\u00fcber hinaus haben wir die starke Bereitschaft, uns laufend weiterzubilden, um dem Anspruch des Generalisten gerecht zu [&hellip;]<\/p>\n","protected":false},"author":2,"featured_media":0,"parent":11,"menu_order":4,"comment_status":"closed","ping_status":"closed","template":"","meta":{"footnotes":""},"class_list":["post-87","page","type-page","status-publish","hentry"],"_links":{"self":[{"href":"https:\/\/shm.co.at\/index.php?rest_route=\/wp\/v2\/pages\/87","targetHints":{"allow":["GET"]}}],"collection":[{"href":"https:\/\/shm.co.at\/index.php?rest_route=\/wp\/v2\/pages"}],"about":[{"href":"https:\/\/shm.co.at\/index.php?rest_route=\/wp\/v2\/types\/page"}],"author":[{"embeddable":true,"href":"https:\/\/shm.co.at\/index.php?rest_route=\/wp\/v2\/users\/2"}],"replies":[{"embeddable":true,"href":"https:\/\/shm.co.at\/index.php?rest_route=%2Fwp%2Fv2%2Fcomments&post=87"}],"version-history":[{"count":10,"href":"https:\/\/shm.co.at\/index.php?rest_route=\/wp\/v2\/pages\/87\/revisions"}],"predecessor-version":[{"id":1371,"href":"https:\/\/shm.co.at\/index.php?rest_route=\/wp\/v2\/pages\/87\/revisions\/1371"}],"up":[{"embeddable":true,"href":"https:\/\/shm.co.at\/index.php?rest_route=\/wp\/v2\/pages\/11"}],"wp:attachment":[{"href":"https:\/\/shm.co.at\/index.php?rest_route=%2Fwp%2Fv2%2Fmedia&parent=87"}],"curies":[{"name":"wp","href":"https:\/\/api.w.org\/{rel}","templated":true}]}}