{"id":88,"date":"2013-07-24T14:06:09","date_gmt":"2013-07-24T14:06:09","guid":{"rendered":"http:\/\/localhost\/wordpress\/?page_id=88"},"modified":"2013-08-29T12:20:30","modified_gmt":"2013-08-29T12:20:30","slug":"forschung-und-entwicklung","status":"publish","type":"page","link":"https:\/\/shm.co.at\/?page_id=88","title":{"rendered":"Forschung und Entwicklung"},"content":{"rendered":"<p><\/p>\n<p>Wir wollen einen Beitrag zur langfristigen \u00f6konomischen und qualitativen Absicherung von Gesundheitseinrichtungen sowie zur Weiterentwicklung von Gesundheits- und Sozialsystemen mit entsprechendem volkswirtschaftlichen Nutzen leisten.<\/p>\n<table id=\"researchanddeveloptbl\">\n<tr>\n<td class=\"column-1\">Daher besch\u00e4ftigt sich <b>shm<\/b> intensiv mit Innovationen, welche nicht nur den intra- und extramuralen Sektor umfassen, sondern bereichs\u00fcbergreifend im Sinne \u201eIntegrierter Versorgungskonzepte\u201c wirken. Dar\u00fcber hinaus erforschen und entwickeln wir L\u00f6sungen, die auf die Erhaltung und Verbesserung der Versorgungsqualit\u00e4t abzielen, sodass ein effektiver Mehrwert f\u00fcr B\u00fcrger und Patienten entsteht. Ein Schwerpunkt liegt auf der Erforschung und Entwicklung von anwenderorientierten Produkten, L\u00f6sungen und Dienstleistungen, die durch den Einsatz geeigneter Informations- und Kommunikationstechnologien unterst\u00fctzt werden.\n    <\/td>\n<td class=\"column-2\">\n      <a href=\"https:\/\/shm.co.at\/wp-content\/uploads\/2013\/08\/research.png\"><img loading=\"lazy\" decoding=\"async\" src=\"https:\/\/shm.co.at\/wp-content\/uploads\/2013\/08\/research.png\" alt=\"research\" width=\"131\" height=\"172\" class=\"alignnone size-full wp-image-321\" align=\"middle\" \/><\/a><\/td>\n<\/tr>\n<\/table>\n<p><b>shm<\/b> besch\u00e4ftigt sich sowohl mit Grundlagenforschung als auch mit angewandter und experimenteller Forschung, wobei Kooperationen mit Forschungseinrichtungen und Partnern aus der Wirtschaft gelebt und st\u00e4ndig weiterentwickelt werden.<\/p>\n<p><\/p>","protected":false},"excerpt":{"rendered":"<p>Wir wollen einen Beitrag zur langfristigen \u00f6konomischen und qualitativen Absicherung von Gesundheitseinrichtungen sowie zur Weiterentwicklung von Gesundheits- und Sozialsystemen mit entsprechendem volkswirtschaftlichen Nutzen leisten. Daher besch\u00e4ftigt sich shm intensiv mit Innovationen, welche nicht nur den intra- und extramuralen Sektor umfassen, sondern bereichs\u00fcbergreifend im Sinne \u201eIntegrierter Versorgungskonzepte\u201c wirken. Dar\u00fcber hinaus erforschen und entwickeln wir L\u00f6sungen, die [&hellip;]<\/p>\n","protected":false},"author":2,"featured_media":0,"parent":11,"menu_order":8,"comment_status":"closed","ping_status":"closed","template":"","meta":{"footnotes":""},"class_list":["post-88","page","type-page","status-publish","hentry"],"_links":{"self":[{"href":"https:\/\/shm.co.at\/index.php?rest_route=\/wp\/v2\/pages\/88","targetHints":{"allow":["GET"]}}],"collection":[{"href":"https:\/\/shm.co.at\/index.php?rest_route=\/wp\/v2\/pages"}],"about":[{"href":"https:\/\/shm.co.at\/index.php?rest_route=\/wp\/v2\/types\/page"}],"author":[{"embeddable":true,"href":"https:\/\/shm.co.at\/index.php?rest_route=\/wp\/v2\/users\/2"}],"replies":[{"embeddable":true,"href":"https:\/\/shm.co.at\/index.php?rest_route=%2Fwp%2Fv2%2Fcomments&post=88"}],"version-history":[{"count":27,"href":"https:\/\/shm.co.at\/index.php?rest_route=\/wp\/v2\/pages\/88\/revisions"}],"predecessor-version":[{"id":685,"href":"https:\/\/shm.co.at\/index.php?rest_route=\/wp\/v2\/pages\/88\/revisions\/685"}],"up":[{"embeddable":true,"href":"https:\/\/shm.co.at\/index.php?rest_route=\/wp\/v2\/pages\/11"}],"wp:attachment":[{"href":"https:\/\/shm.co.at\/index.php?rest_route=%2Fwp%2Fv2%2Fmedia&parent=88"}],"curies":[{"name":"wp","href":"https:\/\/api.w.org\/{rel}","templated":true}]}}