{"id":885,"date":"2013-08-29T12:19:38","date_gmt":"2013-08-29T12:19:38","guid":{"rendered":"http:\/\/www.shm.co.at\/?page_id=885"},"modified":"2023-10-06T06:41:49","modified_gmt":"2023-10-06T08:41:49","slug":"vision","status":"publish","type":"page","link":"https:\/\/shm.co.at\/?page_id=885","title":{"rendered":"Vision"},"content":{"rendered":"<p><b>\u201eMens sana in corpore sano\u201c<\/b><\/p>\n<table id=\"visiontbl\">\n<tbody>\n<tr>\n<td class=\"column-1\">Das ber\u00fchmte gefl\u00fcgelte Wort des r\u00f6mischen Dichters Juvenal meinte urspr\u00fcnglich, man solle darum beten, dass ein gesunder Geist in einem gesunden K\u00f6rper wohne. Die Gesundheit gilt als das wertvollste Gut des Menschen.<\/td>\n<td class=\"column-2\"><a href=\"https:\/\/shm.co.at\/wp-content\/uploads\/2013\/09\/Kompass_2013-e1378121342280.jpg\"><img loading=\"lazy\" decoding=\"async\" class=\"alignnone size-full wp-image-946\" src=\"https:\/\/shm.co.at\/wp-content\/uploads\/2013\/09\/Kompass_2013-e1378121342280.jpg\" alt=\"Kompass VSS\" width=\"150\" height=\"150\" \/><\/a><\/td>\n<\/tr>\n<\/tbody>\n<\/table>\n<p><\/p>","protected":false},"excerpt":{"rendered":"<p>\u201eMens sana in corpore sano\u201c Das ber\u00fchmte gefl\u00fcgelte Wort des r\u00f6mischen Dichters Juvenal meinte urspr\u00fcnglich, man solle darum beten, dass ein gesunder Geist in einem gesunden K\u00f6rper wohne. Die Gesundheit gilt als das wertvollste Gut des Menschen.<\/p>\n","protected":false},"author":2,"featured_media":0,"parent":11,"menu_order":5,"comment_status":"closed","ping_status":"closed","template":"","meta":{"footnotes":""},"class_list":["post-885","page","type-page","status-publish","hentry"],"_links":{"self":[{"href":"https:\/\/shm.co.at\/index.php?rest_route=\/wp\/v2\/pages\/885","targetHints":{"allow":["GET"]}}],"collection":[{"href":"https:\/\/shm.co.at\/index.php?rest_route=\/wp\/v2\/pages"}],"about":[{"href":"https:\/\/shm.co.at\/index.php?rest_route=\/wp\/v2\/types\/page"}],"author":[{"embeddable":true,"href":"https:\/\/shm.co.at\/index.php?rest_route=\/wp\/v2\/users\/2"}],"replies":[{"embeddable":true,"href":"https:\/\/shm.co.at\/index.php?rest_route=%2Fwp%2Fv2%2Fcomments&post=885"}],"version-history":[{"count":19,"href":"https:\/\/shm.co.at\/index.php?rest_route=\/wp\/v2\/pages\/885\/revisions"}],"predecessor-version":[{"id":1757,"href":"https:\/\/shm.co.at\/index.php?rest_route=\/wp\/v2\/pages\/885\/revisions\/1757"}],"up":[{"embeddable":true,"href":"https:\/\/shm.co.at\/index.php?rest_route=\/wp\/v2\/pages\/11"}],"wp:attachment":[{"href":"https:\/\/shm.co.at\/index.php?rest_route=%2Fwp%2Fv2%2Fmedia&parent=885"}],"curies":[{"name":"wp","href":"https:\/\/api.w.org\/{rel}","templated":true}]}}