{"id":90,"date":"2013-07-25T07:52:47","date_gmt":"2013-07-25T07:52:47","guid":{"rendered":"http:\/\/localhost\/wordpress\/?page_id=90"},"modified":"2015-04-15T06:47:03","modified_gmt":"2015-04-15T08:47:03","slug":"strategieentwicklung","status":"publish","type":"page","link":"https:\/\/shm.co.at\/?page_id=90","title":{"rendered":"Krankenhaus-Logistik"},"content":{"rendered":"<p><span style=\"color: #000000;\">Im Rahmen der <strong>Krankenhaus Logistik<\/strong> unterst\u00fctzen wir Sie bei der Optimierung bzw. dem Neuaufbau eines ganzheitlichen Logistiksystems \u2013 vom zentralen Versorger bis hin zum Verbraucher. Krankenh\u00e4user sind komplexe Systeme aus Prozessen, Strukturen, Personenstr\u00f6men und Materialfluss. Neben klinischen Abl\u00e4ufen stellt eine effiziente Koordination der logistischen Einheiten einen wesentlichen Qualit\u00e4tsfaktor dar. Lager, Apotheke, Labor, Sterilisation, W\u00e4scherei, K\u00fcche, Verwaltung, Reinigung und Entsorgung stehen dabei im Fokus. <\/span><\/p>\n<p><span style=\"color: #000000;\">Auf Grund unserer langj\u00e4hrigen Erfahrung im Bereich der Versorgung sowie dem Wissen \u00fcber die klinischen Prozesse und deren Abh\u00e4ngigkeiten unterst\u00fctzen wir eine professionelle, berufsgruppen\u00fcbergreifende Krankenhauslogistik. Wir beraten Sie bei der Analyse bestehender Strukturen und bei der Umsetzung von erkannten Optimierungspotentialen. <\/span><\/p>\n<p><b>Beratungsleistung:<\/b><\/p>\n<ul>\n<li>Analyse und Evaluierung bestehender Logistikstrukturen<\/li>\n<li>Optimierung der Materialfluss- und Transportplanung<\/li>\n<li>Aufbau von Controlling Strukturen zum Prozess- und Logistikcontrolling<\/li>\n<li>Erstellung von Pflichtenheften f\u00fcr die Anforderungen der Logistik an die IT<\/li>\n<li>Erstellung von Logistik Konzepten<\/li>\n<li>Umsetzungsbegleitung<\/li>\n<\/ul>\n<p><\/p>","protected":false},"excerpt":{"rendered":"<p>Im Rahmen der Krankenhaus Logistik unterst\u00fctzen wir Sie bei der Optimierung bzw. dem Neuaufbau eines ganzheitlichen Logistiksystems \u2013 vom zentralen Versorger bis hin zum Verbraucher. Krankenh\u00e4user sind komplexe Systeme aus Prozessen, Strukturen, Personenstr\u00f6men und Materialfluss. Neben klinischen Abl\u00e4ufen stellt eine effiziente Koordination der logistischen Einheiten einen wesentlichen Qualit\u00e4tsfaktor dar. Lager, Apotheke, Labor, Sterilisation, W\u00e4scherei, K\u00fcche, [&hellip;]<\/p>\n","protected":false},"author":2,"featured_media":0,"parent":57,"menu_order":9,"comment_status":"closed","ping_status":"closed","template":"","meta":{"footnotes":""},"class_list":["post-90","page","type-page","status-publish","hentry"],"_links":{"self":[{"href":"https:\/\/shm.co.at\/index.php?rest_route=\/wp\/v2\/pages\/90","targetHints":{"allow":["GET"]}}],"collection":[{"href":"https:\/\/shm.co.at\/index.php?rest_route=\/wp\/v2\/pages"}],"about":[{"href":"https:\/\/shm.co.at\/index.php?rest_route=\/wp\/v2\/types\/page"}],"author":[{"embeddable":true,"href":"https:\/\/shm.co.at\/index.php?rest_route=\/wp\/v2\/users\/2"}],"replies":[{"embeddable":true,"href":"https:\/\/shm.co.at\/index.php?rest_route=%2Fwp%2Fv2%2Fcomments&post=90"}],"version-history":[{"count":20,"href":"https:\/\/shm.co.at\/index.php?rest_route=\/wp\/v2\/pages\/90\/revisions"}],"predecessor-version":[{"id":1348,"href":"https:\/\/shm.co.at\/index.php?rest_route=\/wp\/v2\/pages\/90\/revisions\/1348"}],"up":[{"embeddable":true,"href":"https:\/\/shm.co.at\/index.php?rest_route=\/wp\/v2\/pages\/57"}],"wp:attachment":[{"href":"https:\/\/shm.co.at\/index.php?rest_route=%2Fwp%2Fv2%2Fmedia&parent=90"}],"curies":[{"name":"wp","href":"https:\/\/api.w.org\/{rel}","templated":true}]}}