{"id":924,"date":"2013-08-29T15:09:01","date_gmt":"2013-08-29T15:09:01","guid":{"rendered":"http:\/\/www.shm.co.at\/?page_id=924"},"modified":"2013-08-29T15:22:59","modified_gmt":"2013-08-29T15:22:59","slug":"umsetzung-health-care-strategie-a1","status":"publish","type":"page","link":"https:\/\/shm.co.at\/?page_id=924","title":{"rendered":"Umsetzung Health Care Strategie A1"},"content":{"rendered":"<p>A1 Telekom Austria AG und shm gehen in der Entwicklung des Gesundheitsmarktes gemeinsame Wege. Die beiden Unternehmen b\u00fcndeln innovatives Produkt Know-How mit l\u00f6sungsorientierter Beratungs- und Projektentwicklungskompetenz.<\/p>\n<p>Der Gesamtvorstand von A1 Telekom Austria AG gab im J\u00e4nner 2010 das GO f\u00fcr die Umsetzung der erarbeiteten Health Care Strategie. shm wurde \u00fcber einen Zeitraum von 3 \u00bd Jahren mit der <b>Umsetzungsbegleitung<\/b> in der neuen Abteilung Public Sector &#038; Health beauftragt.<\/p>\n<p>Die Experten von shm verantworten die Entwicklung und Realisierung des Produktportfolios f\u00fcr die Segmente \u201eBusinesskunden\u201c und \u201ePrivatkunden\u201c:<\/p>\n<ul>\n<li><b>E-Care Terminal<\/b><br \/>die all-in-one Kommunikations- und Unterhaltungsl\u00f6sung direkt am Krankenbett<\/li>\n<li><b>Wartezimmer TV<\/b><br \/>die Informations- und Unterhaltungsplattform f\u00fcr Wartezonen im Gesundheitsbereich<\/li>\n<li><b>PGS Pflege- und Gesundheitsservice<\/b><br \/>die zentrale Anlaufstelle im Pflege- und Gesundheitsbereich<\/li>\n<li><b>Renewing Health<\/b><br \/>ein EU Projekt zur integrierten, telemedizinischen Versorgung von chronisch Kranken<\/li>\n<li><b>A1 Radiologie Langzeit Archiv<\/b><br \/>die Langzeitspeicher-L\u00f6sung f\u00fcr Radiologen<\/li>\n<li><b>DaMe Services \/ DaMe Online Backup<\/b><br \/>intelligente Vernetzung \u00fcber das Datennetz der Medizin<\/li>\n<li><b>A1 Vital und A1 Care<\/b><br \/>eine umfassende L\u00f6sung f\u00fcr \u201eGesundheitsbewusste\u201c und \u201eChronisch Kranke\u201c<\/li>\n<li><b>A1 Soforthilfe<\/b><br \/>eine serviceorientierte Notrufl\u00f6sung<\/li>\n<\/ul>\n<p><b>Schwerpunktleistungen shm<\/b><\/p>\n<ul>\n<li>Produktentwicklung, Produktmanagement<\/li>\n<li>Health Care Consulting, IT Consulting<\/li>\n<li>Rollout- und Betriebsmanagement<\/li>\n<li>Marketing, Projektmarketing<\/li>\n<li>Realisierung und Abwicklung von Kundenprojekten<\/li>\n<li>Expert Sales, Strategischer Vertrieb<\/li>\n<li>Schulungsmanagement<\/li>\n<li>Partner- und Lieferantenmanagement<\/li>\n<\/ul>\n<p><b>Unser Kunde<\/b><\/p>\n<p>A1 ist der Marktf\u00fchrer im Telekommunikationsbereich in \u00d6sterreich und bietet Festnetz, Mobiltelefonie, Internet und Fernsehen aus einer Hand. Das R\u00fcckgrat des Unternehmenserfolges bildet das tragf\u00e4higste und modernste Netz in \u00d6sterreich. A1 besch\u00e4ftigt \u00fcber 9.000 Mitarbeiter und sieht sich selbst in einer starken Verantwortung gegen\u00fcber Mitarbeitern, Kunden und Eigent\u00fcmern. Durch die Unternehmenswerte wird diese Verantwortung noch unterstrichen: Nah am Kunden. Einfach. Richtungsweisend.<br \/>\n<\/p>","protected":false},"excerpt":{"rendered":"<p>A1 Telekom Austria AG und shm gehen in der Entwicklung des Gesundheitsmarktes gemeinsame Wege. Die beiden Unternehmen b\u00fcndeln innovatives Produkt Know-How mit l\u00f6sungsorientierter Beratungs- und Projektentwicklungskompetenz. Der Gesamtvorstand von A1 Telekom Austria AG gab im J\u00e4nner 2010 das GO f\u00fcr die Umsetzung der erarbeiteten Health Care Strategie. shm wurde \u00fcber einen Zeitraum von 3 \u00bd [&hellip;]<\/p>\n","protected":false},"author":2,"featured_media":0,"parent":0,"menu_order":0,"comment_status":"closed","ping_status":"closed","template":"","meta":{"footnotes":""},"class_list":["post-924","page","type-page","status-publish","hentry"],"_links":{"self":[{"href":"https:\/\/shm.co.at\/index.php?rest_route=\/wp\/v2\/pages\/924","targetHints":{"allow":["GET"]}}],"collection":[{"href":"https:\/\/shm.co.at\/index.php?rest_route=\/wp\/v2\/pages"}],"about":[{"href":"https:\/\/shm.co.at\/index.php?rest_route=\/wp\/v2\/types\/page"}],"author":[{"embeddable":true,"href":"https:\/\/shm.co.at\/index.php?rest_route=\/wp\/v2\/users\/2"}],"replies":[{"embeddable":true,"href":"https:\/\/shm.co.at\/index.php?rest_route=%2Fwp%2Fv2%2Fcomments&post=924"}],"version-history":[{"count":9,"href":"https:\/\/shm.co.at\/index.php?rest_route=\/wp\/v2\/pages\/924\/revisions"}],"predecessor-version":[{"id":935,"href":"https:\/\/shm.co.at\/index.php?rest_route=\/wp\/v2\/pages\/924\/revisions\/935"}],"wp:attachment":[{"href":"https:\/\/shm.co.at\/index.php?rest_route=%2Fwp%2Fv2%2Fmedia&parent=924"}],"curies":[{"name":"wp","href":"https:\/\/api.w.org\/{rel}","templated":true}]}}