{"id":96,"date":"2013-07-25T07:56:24","date_gmt":"2013-07-25T07:56:24","guid":{"rendered":"http:\/\/localhost\/wordpress\/?page_id=96"},"modified":"2015-04-15T06:47:03","modified_gmt":"2015-04-15T08:47:03","slug":"it-beratung","status":"publish","type":"page","link":"https:\/\/shm.co.at\/?page_id=96","title":{"rendered":"IT-Beratung"},"content":{"rendered":"<p><\/p>\n<table id='itconsultingtbl'>\n<tr>\n<td class='column-1'>\nUm Sie optimal und ganzheitlich bei der Konzeption, Ausschreibung und Beschaffung sowie der Einf\u00fchrung von Informationssystemen in Krankenh\u00e4usern, Pflegeheimen und Rehabilitationseinrichtungen zu unterst\u00fctzen, stellen wir Ihnen ein erfahrenes Team bereit.\n<\/td>\n<td class='column-2'>\n<a href=\"https:\/\/shm.co.at\/wp-content\/uploads\/2013\/07\/IT-1.jpg\"><img loading=\"lazy\" decoding=\"async\" src=\"https:\/\/shm.co.at\/wp-content\/uploads\/2013\/07\/IT-1-e1378125573973.jpg\" alt=\"Image of female hand touching computer mouse\" width=\"150\" height=\"100\" class=\"alignnone size-full wp-image-976\" \/><\/a>\n<\/td>\n<\/tr>\n<\/table>\n<p><b>Beratungsleistung:<\/b><\/p>\n<ul>\n<li>Professionelles Projektmanagement<\/li>\n<li>Solution- und Systemmanagement<\/li>\n<li>Erstellung von fachlichen Pflichtenheften<\/li>\n<li>Begleitung von IT Projekten\n<ul class=\"sublist\">\n<li>von der Konzeption<\/li>\n<li>\u00fcber die Implementierung<\/li>\n<li>bis zur Inbetriebnahme<\/li>\n<\/ul>\n<\/li>\n<li>Betriebsmanagement<\/li>\n<\/ul>\n<p><\/p>","protected":false},"excerpt":{"rendered":"<p>Um Sie optimal und ganzheitlich bei der Konzeption, Ausschreibung und Beschaffung sowie der Einf\u00fchrung von Informationssystemen in Krankenh\u00e4usern, Pflegeheimen und Rehabilitationseinrichtungen zu unterst\u00fctzen, stellen wir Ihnen ein erfahrenes Team bereit. Beratungsleistung: Professionelles Projektmanagement Solution- und Systemmanagement Erstellung von fachlichen Pflichtenheften Begleitung von IT Projekten von der Konzeption \u00fcber die Implementierung bis zur Inbetriebnahme Betriebsmanagement<\/p>\n","protected":false},"author":2,"featured_media":0,"parent":57,"menu_order":6,"comment_status":"closed","ping_status":"closed","template":"","meta":{"footnotes":""},"class_list":["post-96","page","type-page","status-publish","hentry"],"_links":{"self":[{"href":"https:\/\/shm.co.at\/index.php?rest_route=\/wp\/v2\/pages\/96","targetHints":{"allow":["GET"]}}],"collection":[{"href":"https:\/\/shm.co.at\/index.php?rest_route=\/wp\/v2\/pages"}],"about":[{"href":"https:\/\/shm.co.at\/index.php?rest_route=\/wp\/v2\/types\/page"}],"author":[{"embeddable":true,"href":"https:\/\/shm.co.at\/index.php?rest_route=\/wp\/v2\/users\/2"}],"replies":[{"embeddable":true,"href":"https:\/\/shm.co.at\/index.php?rest_route=%2Fwp%2Fv2%2Fcomments&post=96"}],"version-history":[{"count":10,"href":"https:\/\/shm.co.at\/index.php?rest_route=\/wp\/v2\/pages\/96\/revisions"}],"predecessor-version":[{"id":1155,"href":"https:\/\/shm.co.at\/index.php?rest_route=\/wp\/v2\/pages\/96\/revisions\/1155"}],"up":[{"embeddable":true,"href":"https:\/\/shm.co.at\/index.php?rest_route=\/wp\/v2\/pages\/57"}],"wp:attachment":[{"href":"https:\/\/shm.co.at\/index.php?rest_route=%2Fwp%2Fv2%2Fmedia&parent=96"}],"curies":[{"name":"wp","href":"https:\/\/api.w.org\/{rel}","templated":true}]}}